{"id":1422,"date":"2023-06-09T09:50:54","date_gmt":"2023-06-09T01:50:54","guid":{"rendered":"https:\/\/wanda-chemical.com\/?post_type=product&#038;p=1422"},"modified":"2023-06-09T10:01:46","modified_gmt":"2023-06-09T02:01:46","slug":"anti-dripping-agent-%e5%a4%8d%e5%88%b6","status":"publish","type":"product","link":"https:\/\/wanda-chemical.com\/es\/producto\/anti-dripping-agent-%e5%a4%8d%e5%88%b6\/","title":{"rendered":"Agente antigoteo WD-9570"},"content":{"rendered":"<p><strong><b>Aplicaci\u00f3n:<\/b><\/strong><\/p>\n<p>Adecuado para termopl\u00e1sticos, como PC, PS, ABS, aleaci\u00f3n PC\/ABS que requieren cumplir la norma UL94 V0.<\/p>\n<p>Evita el goteo de pl\u00e1sticos cuando se queman<\/p>\n<p>&nbsp;<\/p>\n<p><strong><b>Propiedades f\u00edsicas: <\/b><\/strong><\/p>\n<table>\n<tbody>\n<tr>\n<td width=\"170\">\n<p style=\"text-align: center;\"><strong><b>D<\/b><\/strong><strong><b>ata<\/b><\/strong><\/p>\n<\/td>\n<td width=\"224\">\n<p style=\"text-align: center;\"><strong><b>WD-<\/b><\/strong><strong><b>9<\/b><\/strong><strong><b>570<\/b><\/strong><\/p>\n<\/td>\n<\/tr>\n<tr>\n<td width=\"170\">\n<p style=\"text-align: center;\"><strong><b>A granel<\/b><\/strong>\u00a0<strong><b>densidad<\/b><\/strong><\/p>\n<\/td>\n<td width=\"224\">\n<p style=\"text-align: center;\"><strong><b>~400<\/b><\/strong><strong><b>g<\/b><\/strong><strong><b>\/<\/b><\/strong><strong><b>L<\/b><\/strong><\/p>\n<\/td>\n<\/tr>\n<tr>\n<td width=\"170\">\n<p style=\"text-align: center;\"><strong><b>A<\/b><\/strong><strong><b>ppearance<\/b><\/strong><\/p>\n<\/td>\n<td width=\"224\">\n<p style=\"text-align: center;\"><strong><b>W<\/b><\/strong><strong><b>h<\/b><\/strong><strong><b>ite<\/b><\/strong>\u00a0<strong><b>polvo<\/b><\/strong><\/p>\n<\/td>\n<\/tr>\n<tr>\n<td width=\"170\">\n<p style=\"text-align: center;\"><strong><b>PTFE<\/b><\/strong>\u00a0<strong><b>contenido<\/b><\/strong><\/p>\n<\/td>\n<td width=\"224\">\n<p style=\"text-align: center;\"><strong><b>70%<\/b><\/strong><\/p>\n<\/td>\n<\/tr>\n<\/tbody>\n<\/table>\n<p>&nbsp;<\/p>\n<p><strong><b>Dosis t\u00edpica:<\/b><\/strong><\/p>\n<table>\n<tbody>\n<tr>\n<td width=\"255\">\n<p style=\"text-align: center;\"><strong><b>M<\/b><\/strong><strong><b>a<\/b><\/strong><strong><b>terial<\/b><\/strong><\/p>\n<\/td>\n<td width=\"253\">\n<p style=\"text-align: center;\"><strong><b>Dos<\/b><\/strong><strong><b>edad<\/b><\/strong>\u00a0<strong><b>Ratio<\/b><\/strong><\/p>\n<\/td>\n<\/tr>\n<tr>\n<td width=\"255\">\n<p style=\"text-align: center;\"><strong><b>PC\/ABS<\/b><\/strong><\/p>\n<\/td>\n<td width=\"253\">\n<p style=\"text-align: center;\">0.20% &#8211; 0.30%<\/p>\n<\/td>\n<\/tr>\n<tr>\n<td width=\"255\">\n<p style=\"text-align: center;\"><strong><b>P<\/b><\/strong><strong><b>C<\/b><\/strong><\/p>\n<\/td>\n<td width=\"253\">\n<p style=\"text-align: center;\">0.15% -0.20%<\/p>\n<\/td>\n<\/tr>\n<tr>\n<td width=\"255\">\n<p style=\"text-align: center;\"><strong><b>A<\/b><\/strong><strong><b>BS<\/b><\/strong><\/p>\n<\/td>\n<td width=\"253\">\n<p style=\"text-align: center;\">0.15%- 0.30%<\/p>\n<\/td>\n<\/tr>\n<\/tbody>\n<\/table>\n<p>&nbsp;<\/p>\n<p><strong><b>S<\/b><\/strong><strong><b>h<\/b><\/strong><strong><b>elfo L<\/b><\/strong><strong><b>i<\/b><\/strong><strong><b>fe: <\/b><\/strong><\/p>\n<p>Si se almacena a una temperatura igual o inferior a 25\u00b0C en los envases originales sin abrir, su vida \u00fatil es de 3 a\u00f1os a partir de la fecha de producci\u00f3n.<\/p>\n<p>&nbsp;<\/p>\n<p><strong><b>Almacenamiento y precauciones\uff1a<\/b><\/strong><\/p>\n<p>*Debe conservarse en un lugar limpio y seco, en su envase original sin abrir.<\/p>\n<p>*Lea atentamente la ficha de datos de seguridad del producto (MSDS) antes de utilizarlo, que puede solicitar al proveedor.<\/p>","protected":false},"excerpt":{"rendered":"<p>WD-9570 se desarroll\u00f3 como aditivo antigoteo para pl\u00e1sticos compuesto por polvo de PTFE de alto peso molecular.<\/p>\n<p>Puede aumentar la viscosidad de la masa fundida debido al PTFE de alto peso molecular que se fibrila por presi\u00f3n sobre las part\u00edculas.    Suele utilizarse en combinaci\u00f3n con retardantes de llama.<\/p>\n<p>WD-9570 cumple los requisitos de la normativa UL 94.<\/p>","protected":false},"featured_media":875,"comment_status":"open","ping_status":"closed","template":"","meta":[],"class_list":["post-1422","product","type-product","status-publish","has-post-thumbnail","hentry","product_cat-antidripping-agent","product_tag-antidripping-agent"],"_links":{"self":[{"href":"https:\/\/wanda-chemical.com\/es\/wp-json\/wp\/v2\/product\/1422","targetHints":{"allow":["GET"]}}],"collection":[{"href":"https:\/\/wanda-chemical.com\/es\/wp-json\/wp\/v2\/product"}],"about":[{"href":"https:\/\/wanda-chemical.com\/es\/wp-json\/wp\/v2\/types\/product"}],"replies":[{"embeddable":true,"href":"https:\/\/wanda-chemical.com\/es\/wp-json\/wp\/v2\/comments?post=1422"}],"wp:featuredmedia":[{"embeddable":true,"href":"https:\/\/wanda-chemical.com\/es\/wp-json\/wp\/v2\/media\/875"}],"wp:attachment":[{"href":"https:\/\/wanda-chemical.com\/es\/wp-json\/wp\/v2\/media?parent=1422"}],"curies":[{"name":"wp","href":"https:\/\/api.w.org\/{rel}","templated":true}]}}