{"id":136,"date":"2021-03-15T15:21:51","date_gmt":"2021-03-15T07:21:51","guid":{"rendered":"https:\/\/wanda-chemical.com\/?post_type=product&#038;p=136"},"modified":"2026-04-09T07:21:40","modified_gmt":"2026-04-08T23:21:40","slug":"for-lda-masterbatch-application","status":"publish","type":"product","link":"https:\/\/wanda-chemical.com\/es\/producto\/for-lda-masterbatch-application\/","title":{"rendered":"para la aplicaci\u00f3n de Masterbatch LDA"},"content":{"rendered":"<div class=\"textpanel\">\n<div class=\"textpanel-container clearfix\">\n<div class=\"textpanel-target\">\n<div class=\"textpanel-target-textblock\">\n<p><span class=\"text-dst\">La l\u00e1mpara LED es una tendencia de desarrollo futuro, pero la luz LED sigue siendo muy fuerte, la luz es muy deslumbrante. <\/span><span class=\"text-dst\">C\u00f3mo suavizar la luz de las l\u00e1mparas LED, y la p\u00e9rdida de energ\u00eda de la luz es muy peque\u00f1a, este es el problema a resolver por el difusor de luz y masterbatch de difusi\u00f3n de luz.<\/span><\/p>\n<p><span class=\"text-dst\">Los valores del PC y el PMMA son muy transparentes, y la p\u00e9rdida de energ\u00eda luminosa es muy peque\u00f1a cuando la luz los atraviesa, por lo que suelen elegirse como sustratos para pantallas de l\u00e1mparas y otros materiales \u00f3pticos.<\/span><\/p>\n<p><span class=\"text-dst\">La pantalla tradicional consiste en a\u00f1adir un difusor de luz inorg\u00e1nico al PC y al PMMA, como sulfato de bario, di\u00f3xido de silicio, etc. <\/span><span class=\"text-dst\">Cuando se a\u00f1aden estas nanopart\u00edculas inorg\u00e1nicas, la luz se refracta numerosas veces a trav\u00e9s de la superficie de las diminutas part\u00edculas para conseguir la difusi\u00f3n de la luz, que es el efecto de la fosforescencia. <\/span><span class=\"text-dst\">Sin embargo, como la luz no puede atravesar estas nanopart\u00edculas inorg\u00e1nicas, se produce una gran p\u00e9rdida de energ\u00eda luminosa. <\/span><span class=\"text-dst\">En otras palabras, aunque el aditivo inorg\u00e1nico puede cambiar la suavidad, no puede conseguir un efecto abrillantador.<\/span><\/p>\n<p><span class=\"text-dst\">En la actualidad, nuestro agente difusor de luz org\u00e1nico Wanda puede atravesar la propia luz, por lo que puede resolver el problema de la fosforescencia y la transmisi\u00f3n de la luz. <\/span><span class=\"text-dst\">Este tipo de difusor de luz aprovecha la diferencia de \u00edndice de refracci\u00f3n entre el sustrato y las microesferas. Al dispersar uniformemente las min\u00fasculas nanoesferas en la resina, la luz entrante atraviesa la esfera de microesferas, se refracta en el cuerpo v\u00edtreo y luego penetra, de modo que la fuente de luz puntual se convierte en una fuente de luz superficial, ampliando as\u00ed la superficie luminosa y suavizando la luz. Por \u00faltimo, la luz se refracta muchas veces para conseguir un efecto de fosforescencia suave.\u00a0<\/span><span class=\"text-dst\">La propia perla transmite la luz, por lo que la p\u00e9rdida de energ\u00eda luminosa es muy peque\u00f1a.\u00a0<\/span><span class=\"text-dst\">Por lo tanto, este difusor de luz org\u00e1nico puede lograr el efecto de fosforescencia y transmisi\u00f3n de luz.<\/span><\/p>\n<p><span class=\"text-dst hl\">Como sabemos, el m\u00e9todo de procesamiento tradicional es s\u00f3lo la adici\u00f3n directa de difusor \u00f3ptico, que es caro y dif\u00edcil de resolver el problema de la dispersi\u00f3n, lo que resulta en la transmisi\u00f3n de luz desigual de la placa de circuito impreso.<\/span><\/p>\n<\/div>\n<\/div>\n<\/div>\n<div class=\"textpanel-tool tool-voice\" data-type=\"target\" data-tips=\"\u53d1\u97f3\" data-limit=\"500\"><\/div>\n<div class=\"textpanel-container clearfix\">\n<div class=\"textpanel-target\">\n<div class=\"textpanel-tool tool-copy\" data-tips=\"\u590d\u5236\">Por eso naci\u00f3 LDA Masterbatch, que<span class=\"text-dst\"> tiene un excelente efecto de dispersi\u00f3n y resuelve eficazmente el problema de la nivelaci\u00f3n de la luz. y es extremadamente eficaz para aumentar la dispersi\u00f3n y la transmisi\u00f3n de la luz.<\/span><\/div>\n<\/div>\n<\/div>\n<\/div>","protected":false},"excerpt":{"rendered":"<p>El masterbatch LDA es un aditivo difusor de luz LED\/LCD de gran eficacia. Se aplica principalmente a resinas transparentes de PC, PVC, PC, PMMA y PET.<\/p>\n<p class=\"p2\">Nuestro agente difusor de luz de este tipo es uno de los tres mejores productos en todas nuestras aplicaciones.<span class=\"s1\">Estamos seguros de que le encantar\u00e1.<\/span> calidad excepcional y precio atractivo.<\/p>\n<p class=\"p2\">Podemos personalizar el \u00edndice de refracci\u00f3n<span class=\"s1\">,<\/span> bruma<span class=\"s1\">,<\/span> transmitancia seg\u00fan sus necesidades.<\/p>\n<p class=\"p2\"><strong>Por el precio<span class=\"s1\">,<\/span> <\/strong>p\u00f3ngase en contacto con nosotros<span class=\"s1\">,<\/span> detalles cotizaci\u00f3n de este agente de difusi\u00f3n de la luz le enviar\u00e1 a usted para su referencia.<\/p>\n<p class=\"p2\"><strong>Para muestra<\/strong><span class=\"s1\">,<\/span> gratuito<\/p>\n<p class=\"p2\"><strong>MOQ:<\/strong> 100kgs<\/p>\n<p class=\"p2\"><strong>C\u00f3digo H.S:<\/strong> 39100090<\/p>\n<p class=\"p2\"><strong>T\u00e9rmino comercial:<\/strong> EXW\/FOB\/CFR\/CIF disponibles<\/p>","protected":false},"featured_media":137,"comment_status":"open","ping_status":"closed","template":"","meta":[],"class_list":["post-136","product","type-product","status-publish","has-post-thumbnail","hentry","product_cat-light-diffusion-agent"],"_links":{"self":[{"href":"https:\/\/wanda-chemical.com\/es\/wp-json\/wp\/v2\/product\/136","targetHints":{"allow":["GET"]}}],"collection":[{"href":"https:\/\/wanda-chemical.com\/es\/wp-json\/wp\/v2\/product"}],"about":[{"href":"https:\/\/wanda-chemical.com\/es\/wp-json\/wp\/v2\/types\/product"}],"replies":[{"embeddable":true,"href":"https:\/\/wanda-chemical.com\/es\/wp-json\/wp\/v2\/comments?post=136"}],"wp:featuredmedia":[{"embeddable":true,"href":"https:\/\/wanda-chemical.com\/es\/wp-json\/wp\/v2\/media\/137"}],"wp:attachment":[{"href":"https:\/\/wanda-chemical.com\/es\/wp-json\/wp\/v2\/media?parent=136"}],"curies":[{"name":"wp","href":"https:\/\/api.w.org\/{rel}","templated":true}]}}