{"id":130,"date":"2021-03-13T18:21:19","date_gmt":"2021-03-13T10:21:19","guid":{"rendered":"https:\/\/wanda-chemical.com\/?post_type=product&#038;p=130"},"modified":"2026-04-08T02:38:48","modified_gmt":"2026-04-07T18:38:48","slug":"for-pp-ps-pmma-pvc-pc-diffuser-application","status":"publish","type":"product","link":"https:\/\/wanda-chemical.com\/es\/producto\/for-pp-ps-pmma-pvc-pc-diffuser-application\/","title":{"rendered":"Agente difusor de luz para difusores de PP\/PS\/PMMA\/PVC\/PC"},"content":{"rendered":"<p>El agente difusor de luz Wanda puede a\u00f1adirse directamente a difusores de PP, PS, PMMA, PVC y PC. Puesto que<span class=\"text-dst hl\"> es un tipo de polvo esf\u00e9rico resistente a altas temperaturas, que se desarrolla mediante la reticulaci\u00f3n y el injerto de grupos funcionales sobre la base de metacrilato y estireno mediante la tecnolog\u00eda de polimerizaci\u00f3n de pol\u00edmeros. El agente difusor de luz de Wanda presenta diversas propiedades. Se puede mezclar con material PP\/PS\/PMMA\/PVC\/PC mediante moldeo por inyecci\u00f3n o extrusi\u00f3n para obtener diferentes efectos de difusi\u00f3n de la luz de refracci\u00f3n, y el efecto de difusi\u00f3n es grande. <\/span><span class=\"text-dst\">Varios perfiles con alta transmitancia de luz (90-93%), tales como placa de difusi\u00f3n, tubo de l\u00e1mpara, pantalla esf\u00e9rica, etc., que tienen un buen equilibrio entre la transmitancia de luz y difusividad, buena dispersabilidad y estabilidad y nuestro este agente de difusi\u00f3n de luz puede proporcionar una variedad de opciones de tama\u00f1o de part\u00edcula.<\/span><\/p>\n<p><span class=\"text-dst\">Adem\u00e1s, puede utilizarse en pl\u00e1sticos \u00f3pticos y productos industriales y tiene funciones \u00f3pticas superiores a las de los productos de la competencia. <\/span><span class=\"text-dst\">En comparaci\u00f3n con los mismos productos funcionales de otras marcas, una peque\u00f1a cantidad de uso puede lograr el mismo efecto y ahorrar costes.<\/span><\/p>","protected":false},"excerpt":{"rendered":"<p class=\"p1\">PP\/PS\/PMMA\/PVC\/PC difusor aplicaci\u00f3n agente de difusi\u00f3n de luz es nuestro producto de inicio en todas las aplicaciones, la raz\u00f3n principal fue que su <span class=\"text-dst\">calidad superior puede compararse con una marca famosa como <\/span>Shinetsu<span class=\"s1\">,<\/span> Samsung<span class=\"s1\">, <\/span><span class=\"text-dst\">y es <\/span>una peque\u00f1a cantidad de uso puede lograr el mismo efecto y ahorrar costes.<\/p>\n<p class=\"p1\">Tambi\u00e9n podemos personalizar el \u00edndice de refracci\u00f3n<span class=\"s1\">,<\/span> bruma<span class=\"s1\">,<\/span> transmitancia, relaci\u00f3n de mezcla seg\u00fan sus necesidades.<\/p>\n<p class=\"p1\"><strong>Por el precio<span class=\"s1\">,<\/span><\/strong> p\u00f3ngase en contacto con nosotros<span class=\"s1\">,<\/span> detalles cotizaci\u00f3n de este agente de difusi\u00f3n de la luz le enviar\u00e1 a usted para su referencia.<\/p>\n<p class=\"p1\"><strong>Para muestra<span class=\"s1\">,<\/span> <\/strong>gratuito<\/p>\n<p class=\"p1\"><strong>MOQ:<\/strong> 100kgs<\/p>\n<p class=\"p1\"><strong>C\u00f3digo H.S:<\/strong> 39100090<\/p>\n<p class=\"p1\"><strong>T\u00e9rmino comercial:<\/strong> EXW\/FOB\/CFR\/CIF disponibles<\/p>","protected":false},"featured_media":131,"comment_status":"open","ping_status":"closed","template":"","meta":[],"class_list":["post-130","product","type-product","status-publish","has-post-thumbnail","hentry","product_cat-light-diffusion-agent"],"_links":{"self":[{"href":"https:\/\/wanda-chemical.com\/es\/wp-json\/wp\/v2\/product\/130","targetHints":{"allow":["GET"]}}],"collection":[{"href":"https:\/\/wanda-chemical.com\/es\/wp-json\/wp\/v2\/product"}],"about":[{"href":"https:\/\/wanda-chemical.com\/es\/wp-json\/wp\/v2\/types\/product"}],"replies":[{"embeddable":true,"href":"https:\/\/wanda-chemical.com\/es\/wp-json\/wp\/v2\/comments?post=130"}],"wp:featuredmedia":[{"embeddable":true,"href":"https:\/\/wanda-chemical.com\/es\/wp-json\/wp\/v2\/media\/131"}],"wp:attachment":[{"href":"https:\/\/wanda-chemical.com\/es\/wp-json\/wp\/v2\/media?parent=130"}],"curies":[{"name":"wp","href":"https:\/\/api.w.org\/{rel}","templated":true}]}}