{"id":121,"date":"2021-03-06T17:52:15","date_gmt":"2021-03-06T09:52:15","guid":{"rendered":"https:\/\/wanda-chemical.com\/?post_type=product&#038;p=121"},"modified":"2021-06-26T15:12:43","modified_gmt":"2021-06-26T07:12:43","slug":"for-led-lampshadeled-tube-application","status":"publish","type":"product","link":"https:\/\/wanda-chemical.com\/es\/producto\/for-led-lampshadeled-tube-application\/","title":{"rendered":"para aplicaciones de pantallas y tubos LED"},"content":{"rendered":"<p class=\"p1\">Una de las principales aplicaciones de los agentes difusores de luz es su uso en pantallas LED, cubiertas LED y tubos LED. Por qu\u00e9 ser\u00e1 m\u00e1s y m\u00e1s popular utilizado en la industria del LED<span class=\"s1\">?<\/span><\/p>\n<p class=\"p1\">Como todos saben, la luz LED es uno de los m\u00e9todos de ahorro de energ\u00eda y protecci\u00f3n del medio ambiente.<span class=\"s1\">,<\/span> y tambi\u00e9n es una de las futuras tendencias de desarrollo. La energ\u00eda de la luz LED es muy fuerte<span class=\"s1\">,<\/span> pero la luz es muy dura. as\u00ed que \u00bfc\u00f3mo es la luz puede llegar a ser m\u00e1s suave y la p\u00e9rdida de luz era peque\u00f1a<span class=\"s1\">?<\/span> hay que resolverlo.<\/p>\n<p class=\"p1\"><span style=\"color: #008000;\"><b>As\u00ed que<\/b><span class=\"s1\">,<\/span><b> c\u00f3mo resolver un problema tan brillante de luz LED<\/b><span class=\"s1\">?<\/span><\/span><\/p>\n<p class=\"p1\">Actualmente, la investigaci\u00f3n parte de la pantalla<span class=\"s1\">,<\/span> que utiliza materiales microm\u00e9tricos rellenos de PS<span class=\"s1\">,<\/span> PC o PMMA<span class=\"s1\">,<\/span> cubre la parte superior de la l\u00e1mpara LED. puede solucionar los defectos de deslumbramiento de la luz LED<span class=\"s1\">,<\/span> que las cuentas de micropart\u00edculas se llama simplemente <span style=\"color: #008000;\"><b>agente difusor de la luz<\/b>.<\/span><\/p>\n<p class=\"p1\">Es una micropart\u00edcula de resina de silicona org\u00e1nica <span class=\"s1\">(<\/span>que contenga una part\u00edcula de resina esf\u00e9rica con varias picaduras en la superficie<span class=\"s1\">)<\/span> con una excelente transparencia y propiedades \u00f3pticas. una pel\u00edcula de difusi\u00f3n de la luz puede equilibrar los bienes difusividad de la luz y la transmitancia total, incluso cuando la luz difusa se observa en una determinada posici\u00f3n. es un excelente aditivo para mejorar el rendimiento de los pl\u00e1sticos<span class=\"s1\">,<\/span> gomas<span class=\"s1\">,<\/span> recubrimientos, etc. puede ser ampliamente utilizado en retroiluminaci\u00f3n LCD<span class=\"s1\">,<\/span> pantalla de transmisi\u00f3n<span class=\"s1\">,<\/span> aparatos de iluminaci\u00f3n<span class=\"s1\">,<\/span> declaraci\u00f3n de alumbrado, etc.<\/p>\n<p><strong><span style=\"color: #008000;\">\u00bfCu\u00e1l es la ventaja del agente difusor de luz\/resina de silicona en polvo de Wanda?<\/span><\/strong><\/p>\n<p class=\"gmail-MsoListParagraph\">1.     Calidad y color estables<\/p>\n<p class=\"gmail-MsoListParagraph\">2.     Buen equilibrio entre niebla y transmitancia, resistencia al calor<\/p>\n<p class=\"gmail-MsoListParagraph\">3.     La producci\u00f3n anual es de 50.000.000 de toneladas al a\u00f1o.<\/p>\n<p class=\"gmail-MsoListParagraph\">4.     Certificaci\u00f3n ISO<\/p>\n<p class=\"gmail-MsoListParagraph\">5.     Muestra gratuita<\/p>","protected":false},"excerpt":{"rendered":"<p class=\"p1\">Este tipo de agente difusor de luz es nuestro producto m\u00e1s vendido en todas las aplicaciones.<span class=\"s1\">,<\/span> lo que significa que su calidad es extraordinaria y su precio atractivo.<\/p>\n<p class=\"p1\">Podemos personalizar el \u00edndice de refracci\u00f3n<span class=\"s1\">,<\/span> bruma<span class=\"s1\">,<\/span> transmitancia seg\u00fan sus necesidades.<\/p>\n<p class=\"p1\">Por el precio<span class=\"s1\">,<\/span> p\u00f3ngase en contacto con nosotros<span class=\"s1\">,<\/span> detalles cotizaci\u00f3n de este agente de difusi\u00f3n de la luz le enviar\u00e1 a usted para su referencia.<\/p>\n<p class=\"p1\">Para muestra<span class=\"s1\">,<\/span> gratuito<\/p>\n<p class=\"p1\">MOQ: 100kgs<\/p>\n<p class=\"p1\">C\u00f3digo H.S: 39100090<\/p>\n<p class=\"p1\">Condiciones comerciales: EXW\/FOB\/CFR\/CIF est\u00e1n disponibles<\/p>","protected":false},"featured_media":123,"comment_status":"open","ping_status":"closed","template":"","meta":[],"class_list":["post-121","product","type-product","status-publish","has-post-thumbnail","hentry","product_cat-light-diffusion-agent"],"_links":{"self":[{"href":"https:\/\/wanda-chemical.com\/es\/wp-json\/wp\/v2\/product\/121","targetHints":{"allow":["GET"]}}],"collection":[{"href":"https:\/\/wanda-chemical.com\/es\/wp-json\/wp\/v2\/product"}],"about":[{"href":"https:\/\/wanda-chemical.com\/es\/wp-json\/wp\/v2\/types\/product"}],"replies":[{"embeddable":true,"href":"https:\/\/wanda-chemical.com\/es\/wp-json\/wp\/v2\/comments?post=121"}],"wp:featuredmedia":[{"embeddable":true,"href":"https:\/\/wanda-chemical.com\/es\/wp-json\/wp\/v2\/media\/123"}],"wp:attachment":[{"href":"https:\/\/wanda-chemical.com\/es\/wp-json\/wp\/v2\/media?parent=121"}],"curies":[{"name":"wp","href":"https:\/\/api.w.org\/{rel}","templated":true}]}}