{"id":1152,"date":"2021-11-20T18:02:25","date_gmt":"2021-11-20T10:02:25","guid":{"rendered":"https:\/\/wanda-chemical.com\/?post_type=product&#038;p=1152"},"modified":"2021-11-20T18:14:54","modified_gmt":"2021-11-20T10:14:54","slug":"silicone-elastomer-gel","status":"publish","type":"product","link":"https:\/\/wanda-chemical.com\/es\/producto\/silicone-elastomer-gel\/","title":{"rendered":"Gel elast\u00f3mero de silicona"},"content":{"rendered":"<div class=\"page\" title=\"P\u00e1gina 1\">\n<div class=\"layoutArea\">\n<div class=\"column\">\n<p><strong><b>A<\/b><\/strong><strong><b>p<\/b><\/strong><strong><b>plicaci\u00f3n:<\/b><\/strong><\/p>\n<\/div>\n<ul>\n<li>Agua en aceite<\/li>\n<li>Formulaciones de silicona al agua<\/li>\n<li>Fluidos de silicona para el cuidado de la piel<\/li>\n<li>Cosm\u00e9tica del color, cuidado del cabello<\/li>\n<li>Antitranspirantes y desodorantes<\/li>\n<\/ul>\n<\/div>\n<p>&nbsp;<\/p>\n<p><strong><b>F<\/b><\/strong><strong><b>e<\/b><\/strong><strong><b>aturas:<\/b><\/strong><\/p>\n<p>\u2460 Elast\u00f3mero de silicona reticulado de alto peso molecular en ciclopentasiloxano.<\/p>\n<p>\u2461 Puede absorber el sebo para mejorar el efecto matificante<\/p>\n<p>\u2462 Act\u00faa como espesante para formulaciones de agua en aceite y agua en silicona y fluidos de silicona.<\/p>\n<p>\u2463 Reducir la pegajosidad de la formulaci\u00f3n<\/p>\n<p>\u2464 Enmascara las l\u00edneas finas y las arrugas gracias a las peque\u00f1as part\u00edculas de elast\u00f3mero de silicona y a su s\u00faper extensibilidad.<\/p>\n<p>\u2465 F\u00e1cil de formular con proceso en fr\u00edo y buena compatibilidad org\u00e1nica.<\/p>\n<p>\u2466 Proporciona una sensaci\u00f3n ligera, sedosa y no grasa en la piel<\/p>\n<p>\u2467 Se puede personalizar el tacto de la piel seg\u00fan las necesidades del cliente.<\/p>\n<\/div>\n<p>&nbsp;<\/p>\n<div class=\"page\" title=\"P\u00e1gina 1\">\n<p><strong><b>H<\/b><\/strong><strong><b>o<\/b><\/strong><strong><b>w utilizar<\/b><\/strong><strong><b>: <\/b><\/strong><\/p>\n<p><strong><b>\u00a0<\/b><\/strong>\u2776Dispersar la fase oleosa en la mezcla de elast\u00f3mero de silicona WD-1040 mediante una simple mezcla. No hay necesidad de cizallamiento posterior. Puede a\u00f1adirse a la fase oleosa o a la fase de silicona en una formulaci\u00f3n de emulsi\u00f3n. Se recomienda homogeneizar bien la fase oleosa antes de la emulsificaci\u00f3n o a\u00f1adir lentamente la fase oleosa o de silicona de una emulsi\u00f3n en el elast\u00f3mero.<\/p>\n<p>&nbsp;<\/p>\n<p>\u2777Para facilitar su uso, su viscosidad puede reducirse mezcl\u00e1ndola con dimeticona, ciclometicona, aceite de fenil silicona, \u00e9steres de \u00e1cidos grasos, hidrocarburos, etc.<\/p>\n<p>&nbsp;<\/p>\n<p>\u2778La formulaci\u00f3n puede espesarse mediante un proceso en fr\u00edo, y su operaci\u00f3n debe realizarse a una temperatura inferior a 60\u00b0C.<\/p>\n<p>La palanca de uso t\u00edpica de WD-1040 es de 1% a 20%(p\/p), o depende de la formulaci\u00f3n final.<\/p>\n<p>&nbsp;<\/p>\n<\/div>","protected":false},"excerpt":{"rendered":"<p>El gel de elast\u00f3mero de silicona es una mezcla de elast\u00f3mero de silicona reticulado de alto peso molecular en ciclopentasiloxano. Presenta peque\u00f1as part\u00edculas esf\u00e9ricas de elast\u00f3mero de silicona, alta hinchaz\u00f3n y buena capacidad de extensi\u00f3n, ofrece una sensaci\u00f3n ligera, sedosa y no grasa en la piel, y ayuda a enmascarar las l\u00edneas finas y las arrugas. Tiene la capacidad de aumentar la viscosidad de la fase oleosa de la formulaci\u00f3n y mejorar la est\u00e9tica de la misma.<\/p>","protected":false},"featured_media":1153,"comment_status":"open","ping_status":"closed","template":"","meta":[],"class_list":["post-1152","product","type-product","status-publish","has-post-thumbnail","hentry","product_cat-silicone-elastomer-gel"],"_links":{"self":[{"href":"https:\/\/wanda-chemical.com\/es\/wp-json\/wp\/v2\/product\/1152","targetHints":{"allow":["GET"]}}],"collection":[{"href":"https:\/\/wanda-chemical.com\/es\/wp-json\/wp\/v2\/product"}],"about":[{"href":"https:\/\/wanda-chemical.com\/es\/wp-json\/wp\/v2\/types\/product"}],"replies":[{"embeddable":true,"href":"https:\/\/wanda-chemical.com\/es\/wp-json\/wp\/v2\/comments?post=1152"}],"wp:featuredmedia":[{"embeddable":true,"href":"https:\/\/wanda-chemical.com\/es\/wp-json\/wp\/v2\/media\/1153"}],"wp:attachment":[{"href":"https:\/\/wanda-chemical.com\/es\/wp-json\/wp\/v2\/media?parent=1152"}],"curies":[{"name":"wp","href":"https:\/\/api.w.org\/{rel}","templated":true}]}}