{"id":1104,"date":"2021-09-02T11:46:07","date_gmt":"2021-09-02T03:46:07","guid":{"rendered":"https:\/\/wanda-chemical.com\/?post_type=product&#038;p=1104"},"modified":"2023-06-09T10:02:51","modified_gmt":"2023-06-09T02:02:51","slug":"anti-dripping-agent","status":"publish","type":"product","link":"https:\/\/wanda-chemical.com\/es\/producto\/anti-dripping-agent\/","title":{"rendered":"Agente antigoteo WD-9500N"},"content":{"rendered":"<p><strong><b>Aplicaci\u00f3n:<\/b><\/strong><\/p>\n<p>Adecuado para termopl\u00e1sticos, como PC, ABS, PC\/ABS o aleaciones de pl\u00e1stico que requieran cumplir la norma UL94 V0. Evita el goteo de los pl\u00e1sticos cuando se queman.<\/p>\n<p>&nbsp;<\/p>\n<p><strong><b>Propiedades f\u00edsicas: <\/b><\/strong><\/p>\n<table>\n<tbody>\n<tr>\n<td width=\"170\">\n<p style=\"text-align: center;\"><strong><b>D<\/b><\/strong><strong><b>ata<\/b><\/strong><\/p>\n<\/td>\n<td width=\"224\">\n<p style=\"text-align: center;\"><strong><b>WD-<\/b><\/strong><strong><b>9<\/b><\/strong><strong><b>500<\/b><\/strong><strong><b>N<\/b><\/strong><\/p>\n<\/td>\n<\/tr>\n<tr>\n<td width=\"170\">\n<p style=\"text-align: center;\"><strong><b>A granel<\/b><\/strong>\u00a0<strong><b>densidad<\/b><\/strong><\/p>\n<\/td>\n<td width=\"224\">\n<p style=\"text-align: center;\"><strong><b>~<\/b><\/strong><strong><b>350<\/b><\/strong><strong><b>g<\/b><\/strong><strong><b>\/<\/b><\/strong><strong><b>L<\/b><\/strong><\/p>\n<\/td>\n<\/tr>\n<tr>\n<td width=\"170\">\n<p style=\"text-align: center;\"><strong><b>A<\/b><\/strong><strong><b>ppearance<\/b><\/strong><\/p>\n<\/td>\n<td width=\"224\">\n<p style=\"text-align: center;\"><strong><b>W<\/b><\/strong><strong><b>h<\/b><\/strong><strong><b>ite<\/b><\/strong>\u00a0<strong><b>polvo<\/b><\/strong><\/p>\n<\/td>\n<\/tr>\n<tr>\n<td width=\"170\">\n<p style=\"text-align: center;\"><strong><b>PTFE<\/b><\/strong>\u00a0<strong><b>contenido<\/b><\/strong><\/p>\n<\/td>\n<td width=\"224\">\n<p style=\"text-align: center;\"><strong><b>50%<\/b><\/strong><\/p>\n<\/td>\n<\/tr>\n<\/tbody>\n<\/table>\n<p>&nbsp;<\/p>\n<p><strong><b>Dosis t\u00edpica:<\/b><\/strong><\/p>\n<table>\n<tbody>\n<tr>\n<td width=\"255\">\n<p style=\"text-align: center;\"><strong><b>M<\/b><\/strong><strong><b>a<\/b><\/strong><strong><b>terial<\/b><\/strong><\/p>\n<\/td>\n<td width=\"253\">\n<p style=\"text-align: center;\"><strong><b>Dos<\/b><\/strong><strong><b>edad<\/b><\/strong>\u00a0<strong><b>Ratio<\/b><\/strong><\/p>\n<\/td>\n<\/tr>\n<tr>\n<td width=\"255\">\n<p style=\"text-align: center;\"><strong><b>PC\/ABS<\/b><\/strong><\/p>\n<\/td>\n<td width=\"253\">\n<p style=\"text-align: center;\">0.20% &#8211; 0.30%<\/p>\n<\/td>\n<\/tr>\n<tr>\n<td width=\"255\">\n<p style=\"text-align: center;\"><strong><b>P<\/b><\/strong><strong><b>C<\/b><\/strong><\/p>\n<\/td>\n<td width=\"253\">\n<p style=\"text-align: center;\">0.40% -0.50%<\/p>\n<\/td>\n<\/tr>\n<tr>\n<td width=\"255\">\n<p style=\"text-align: center;\"><strong><b>A<\/b><\/strong><strong><b>BS<\/b><\/strong><\/p>\n<\/td>\n<td width=\"253\">\n<p style=\"text-align: center;\">0.10%- 0.20%<\/p>\n<\/td>\n<\/tr>\n<\/tbody>\n<\/table>\n<p>&nbsp;<\/p>\n<p><strong><b>S<\/b><\/strong><strong><b>h<\/b><\/strong><strong><b>elfo L<\/b><\/strong><strong><b>i<\/b><\/strong><strong><b>fe: <\/b><\/strong><\/p>\n<p>Si se almacena a una temperatura igual o inferior a 25\u00b0C en los envases originales sin abrir, su vida \u00fatil es de 3 a\u00f1os a partir de la fecha de producci\u00f3n.<\/p>\n<p>&nbsp;<\/p>\n<p><strong><b>Almacenamiento y precauciones\uff1a<\/b><\/strong><\/p>\n<p>* Debe conservarse en un lugar limpio y seco, en su envase original sin abrir.<\/p>","protected":false},"excerpt":{"rendered":"<p>WD-9500N se desarroll\u00f3 como aditivo antigoteo para pl\u00e1sticos compuesto por polvo de PTFE de alto peso molecular.<\/p>\n<p>Puede aumentar la viscosidad de la masa fundida debido al PTFE de alto peso molecular que fibrila por presi\u00f3n a las part\u00edculas.            Suele utilizarse en combinaci\u00f3n con retardantes de llama.<\/p>\n<p>WD-9500N cumple los requisitos de la normativa UL 94.<\/p>","protected":false},"featured_media":875,"comment_status":"open","ping_status":"closed","template":"","meta":[],"class_list":["post-1104","product","type-product","status-publish","has-post-thumbnail","hentry","product_cat-antidripping-agent","product_tag-antidripping-agent"],"_links":{"self":[{"href":"https:\/\/wanda-chemical.com\/es\/wp-json\/wp\/v2\/product\/1104","targetHints":{"allow":["GET"]}}],"collection":[{"href":"https:\/\/wanda-chemical.com\/es\/wp-json\/wp\/v2\/product"}],"about":[{"href":"https:\/\/wanda-chemical.com\/es\/wp-json\/wp\/v2\/types\/product"}],"replies":[{"embeddable":true,"href":"https:\/\/wanda-chemical.com\/es\/wp-json\/wp\/v2\/comments?post=1104"}],"wp:featuredmedia":[{"embeddable":true,"href":"https:\/\/wanda-chemical.com\/es\/wp-json\/wp\/v2\/media\/875"}],"wp:attachment":[{"href":"https:\/\/wanda-chemical.com\/es\/wp-json\/wp\/v2\/media?parent=1104"}],"curies":[{"name":"wp","href":"https:\/\/api.w.org\/{rel}","templated":true}]}}