{"id":869,"date":"2021-06-23T14:46:10","date_gmt":"2021-06-23T06:46:10","guid":{"rendered":"https:\/\/wanda-chemical.com\/?post_type=product&#038;p=869"},"modified":"2025-05-21T14:48:17","modified_gmt":"2025-05-21T06:48:17","slug":"for-lubricants","status":"publish","type":"product","link":"https:\/\/wanda-chemical.com\/de\/produkt\/for-lubricants\/","title":{"rendered":"f\u00fcr Fette und Schmierstoffe"},"content":{"rendered":"<p data-v-2520dd35=\"\" data-caiyun-traget-id=\"'+i+'\"><strong>Terminkalender\uff1a<\/strong><\/p>\n<p data-v-2520dd35=\"\" data-caiyun-traget-id=\"'+i+'\"><img fetchpriority=\"high\" decoding=\"async\" class=\"alignnone wp-image-1414 size-large\" src=\"https:\/\/wanda-chemical.com\/wp-content\/uploads\/2021\/06\/ptfe3-1024x249.png\" alt=\"\" width=\"800\" height=\"195\" srcset=\"https:\/\/wanda-chemical.com\/wp-content\/uploads\/2021\/06\/ptfe3-1024x249.png 1024w, https:\/\/wanda-chemical.com\/wp-content\/uploads\/2021\/06\/ptfe3-300x73.png 300w, https:\/\/wanda-chemical.com\/wp-content\/uploads\/2021\/06\/ptfe3-768x187.png 768w, https:\/\/wanda-chemical.com\/wp-content\/uploads\/2021\/06\/ptfe3-600x146.png 600w, https:\/\/wanda-chemical.com\/wp-content\/uploads\/2021\/06\/ptfe3.png 1474w\" sizes=\"(max-width: 800px) 100vw, 800px\" \/><\/p>\n<p><strong>Lagerung&amp;Vorsichtsma\u00dfnahmen\uff1a <\/strong><\/p>\n<ul>\n<li>Es sollte an einem sauberen, trockenen Ort in seinem unge\u00f6ffneten Originalbeh\u00e4lter aufbewahrt werden.<\/li>\n<li>Lesen Sie vor der Verwendung des Produkts das Sicherheitsdatenblatt (MSDS), das Sie vom Lieferanten erhalten k\u00f6nnen, sorgf\u00e4ltig durch.<\/li>\n<\/ul>","protected":false},"excerpt":{"rendered":"<p>Durch die Zugabe von PTFE-Pulver zu Schmierstoffen und Fetten k\u00f6nnen Schmiersysteme formuliert werden, die bei geringer Belastung und niedriger Drehzahl, bei mittlerer Belastung und mittlerer Drehzahl sowie bei hoher Belastung und hoher Drehzahl eingesetzt werden. Zur Verbesserung der Schmierleistung unter hohem Druck und zur Erh\u00f6hung der Viskosit\u00e4t der Grund\u00f6le.<\/p>\n<p>F\u00fcr Probe, kostenlos zur Verf\u00fcgung gestellt<\/p>\n<p>MOQ: 100kgs<\/p>","protected":false},"featured_media":1411,"comment_status":"open","ping_status":"closed","template":"","meta":[],"class_list":["post-869","product","type-product","status-publish","has-post-thumbnail","hentry","product_cat-ptfe-micro-powders"],"_links":{"self":[{"href":"https:\/\/wanda-chemical.com\/de\/wp-json\/wp\/v2\/product\/869","targetHints":{"allow":["GET"]}}],"collection":[{"href":"https:\/\/wanda-chemical.com\/de\/wp-json\/wp\/v2\/product"}],"about":[{"href":"https:\/\/wanda-chemical.com\/de\/wp-json\/wp\/v2\/types\/product"}],"replies":[{"embeddable":true,"href":"https:\/\/wanda-chemical.com\/de\/wp-json\/wp\/v2\/comments?post=869"}],"wp:featuredmedia":[{"embeddable":true,"href":"https:\/\/wanda-chemical.com\/de\/wp-json\/wp\/v2\/media\/1411"}],"wp:attachment":[{"href":"https:\/\/wanda-chemical.com\/de\/wp-json\/wp\/v2\/media?parent=869"}],"curies":[{"name":"wp","href":"https:\/\/api.w.org\/{rel}","templated":true}]}}