{"id":861,"date":"2021-06-22T18:10:08","date_gmt":"2021-06-22T10:10:08","guid":{"rendered":"https:\/\/wanda-chemical.com\/?post_type=product&#038;p=861"},"modified":"2021-07-01T14:54:32","modified_gmt":"2021-07-01T06:54:32","slug":"for-printing-inks","status":"publish","type":"product","link":"https:\/\/wanda-chemical.com\/de\/produkt\/for-printing-inks\/","title":{"rendered":"f\u00fcr Druckfarben"},"content":{"rendered":"<p><strong>Terminkalender\uff1a<\/strong><\/p>\n<p><img fetchpriority=\"high\" decoding=\"async\" class=\"alignnone size-full wp-image-970\" src=\"https:\/\/wanda-chemical.com\/wp-content\/uploads\/2021\/06\/product2.png\" alt=\"\" width=\"942\" height=\"283\" srcset=\"https:\/\/wanda-chemical.com\/wp-content\/uploads\/2021\/06\/product2.png 942w, https:\/\/wanda-chemical.com\/wp-content\/uploads\/2021\/06\/product2-300x90.png 300w, https:\/\/wanda-chemical.com\/wp-content\/uploads\/2021\/06\/product2-768x231.png 768w, https:\/\/wanda-chemical.com\/wp-content\/uploads\/2021\/06\/product2-600x180.png 600w\" sizes=\"(max-width: 942px) 100vw, 942px\" \/><\/p>\n<p>&nbsp;<\/p>\n<p><strong>Lagerung&amp;Vorsichtsma\u00dfnahmen\uff1a <\/strong><\/p>\n<ul>\n<li>Es sollte an einem sauberen, trockenen Ort in seinem unge\u00f6ffneten Originalbeh\u00e4lter aufbewahrt werden.<\/li>\n<li>Lesen Sie vor der Verwendung des Produkts das Sicherheitsdatenblatt (MSDS), das Sie vom Lieferanten erhalten k\u00f6nnen, sorgf\u00e4ltig durch.<\/li>\n<\/ul>","protected":false},"excerpt":{"rendered":"<p>PTFE-Mikropulver ist ein idealer Zusatz und Modifikator f\u00fcr verschiedene Arten von Druckertinten, die Antihaftwirkung, weniger Abrieb, verbesserte Definition und Glanz der Drucke, Best\u00e4ndigkeit gegen Verblassen, gute Wasser- und Mottenbest\u00e4ndigkeit usw. bieten. Seine Anwendung in Hektograph-\/Tiefdruckfarben verbessert die Gleitf\u00e4higkeit, Oberfl\u00e4chengl\u00e4tte, den Glanz und die Abriebfestigkeit, was den Hochgeschwindigkeitsdruck erleichtert.<\/p>\n<p>F\u00fcr Probe, kostenlos zur Verf\u00fcgung gestellt<\/p>\n<p>MOQ: 100kgs<\/p>","protected":false},"featured_media":860,"comment_status":"open","ping_status":"closed","template":"","meta":[],"class_list":["post-861","product","type-product","status-publish","has-post-thumbnail","hentry","product_cat-ptfe-micro-powders"],"_links":{"self":[{"href":"https:\/\/wanda-chemical.com\/de\/wp-json\/wp\/v2\/product\/861","targetHints":{"allow":["GET"]}}],"collection":[{"href":"https:\/\/wanda-chemical.com\/de\/wp-json\/wp\/v2\/product"}],"about":[{"href":"https:\/\/wanda-chemical.com\/de\/wp-json\/wp\/v2\/types\/product"}],"replies":[{"embeddable":true,"href":"https:\/\/wanda-chemical.com\/de\/wp-json\/wp\/v2\/comments?post=861"}],"wp:featuredmedia":[{"embeddable":true,"href":"https:\/\/wanda-chemical.com\/de\/wp-json\/wp\/v2\/media\/860"}],"wp:attachment":[{"href":"https:\/\/wanda-chemical.com\/de\/wp-json\/wp\/v2\/media?parent=861"}],"curies":[{"name":"wp","href":"https:\/\/api.w.org\/{rel}","templated":true}]}}