{"id":78,"date":"2021-03-06T15:55:43","date_gmt":"2021-03-06T07:55:43","guid":{"rendered":"https:\/\/wanda-chemical.com\/?post_type=product&#038;p=78"},"modified":"2026-03-09T18:13:31","modified_gmt":"2026-03-09T10:13:31","slug":"light-diffusion-agent","status":"publish","type":"product","link":"https:\/\/wanda-chemical.com\/de\/produkt\/light-diffusion-agent\/","title":{"rendered":"Lichtstreuungsmittel"},"content":{"rendered":"<p>Auf dem Weltmarkt f\u00fcr Lichtstreumittel sind Shin-Etsu, Samsung und Dow Corning f\u00fcr ihre au\u00dfergew\u00f6hnliche Qualit\u00e4t bekannt, allerdings zu einem hohen Preis. Jetzt stellen wir eine bahnbrechende Alternative vor: <b>Wanda's Lichtstreumittel<\/b>. Dieses Produkt bietet ein unvergleichliches Preis-Leistungs-Verh\u00e4ltnis und kombiniert hervorragende Qualit\u00e4t mit Kosteneffizienz.<\/p>\n<p>Gibt es ein leistungsf\u00e4higes Kostenprodukt, das nicht nur kosteng\u00fcnstig ist, sondern auch eine hohe Qualit\u00e4t aufweist?<\/p>\n<p>Ja, das Lichtstreumittel von Wanda kann Ihnen helfen. Als Chinas f\u00fchrender und gr\u00f6\u00dfter Hersteller von Lichtstreumitteln kann Wanda auf \u00fcber 30 Jahre Erfahrung zur\u00fcckblicken. In der Vergangenheit haben wir uns auf den heimischen Markt konzentriert und starke Partnerschaften mit renommierten Unternehmen wie Pak, NVC und Midea aufgebaut. Wir sind zuversichtlich, dass das Lichtstreumittel von Wanda Ihre Erwartungen \u00fcbertreffen wird, da das Exportvolumen weltweit zunimmt.<\/p>\n<p>Nachstehend finden Sie eine ausf\u00fchrliche Einf\u00fchrung in das Thema.<\/p>\n<p>&nbsp;<\/p>\n<p><strong>Beschreibung des Produkts:<\/strong><\/p>\n<p>Das Lichtstreuungsmittel von Wanda ist ein feines, wei\u00dfes Silikonpulver. Wenn es homogen in einer Harzmatrix dispergiert ist, bildet es unz\u00e4hlige winzige, transparente Glaskugeln. Diese Kugeln nutzen den Unterschied im Brechungsindex des Substrats, um den Lichtweg effektiv zu brechen und zu ver\u00e4ndern und so eine gleichm\u00e4\u00dfige Lichtstreuung und eine hervorragende Lichtdurchl\u00e4ssigkeit zu erreichen. Gleichzeitig erf\u00fcllt es genau Ihre strengen Anforderungen an Tr\u00fcbung und Lichtdurchl\u00e4ssigkeit.<\/p>\n<p>&nbsp;<\/p>\n<p><strong>Anwendung:\u00a0<\/strong><\/p>\n<ul>\n<li><b>LED-Beleuchtung:<\/b> LED-Lampenschirme, LED-Lichtabdeckungen, Lichtverteilerplatten<\/li>\n<li><b>Display-Technologie:<\/b> LCD-Diffusorbl\u00e4tter, TV-Bildschirme, digitale R\u00f6hrengitter<\/li>\n<li><b>Werbebeschilderung:<\/b> Werbeleuchtk\u00e4sten, Plakatw\u00e4nde, leuchtende Zeichen<\/li>\n<li><b>Kunststofferzeugnisse:<\/b> PC, PMMA, PS, ABS, PVC und andere Materialien<\/li>\n<li><b>Andere Anwendungen:<\/b> Kosmetikflaschen, Masterbatches, Farb- oder Tintenadditive, Kratzschutzmittel und Mattierungsmittel f\u00fcr Kunststoffe.<\/li>\n<\/ul>\n<p>&nbsp;<\/p>\n<p><strong>Merkmale:<\/strong><\/p>\n<ul>\n<li><b>Ausgezeichnete Lichtstreuungseigenschaften:<\/b> Sorgt f\u00fcr eine gleichm\u00e4\u00dfige Lichtverteilung und vermeidet Blendung.<\/li>\n<li><b>Hohe Schlagz\u00e4higkeit:<\/b> Verbessert die Haltbarkeit des Materials.<\/li>\n<li><b>Optimales Gleichgewicht von Tr\u00fcbung und Durchl\u00e4ssigkeit:<\/b> Erzielt eine effiziente Diffusion bei gleichzeitig hoher Lichttransparenz.<\/li>\n<li><b>Hervorragende Hochtemperaturbest\u00e4ndigkeit:<\/b> Geeignet f\u00fcr verschiedene anspruchsvolle Betriebsumgebungen.<\/li>\n<li><b>Stabile Farbqualit\u00e4t:<\/b> Garantiert gleichbleibendes Aussehen bei langfristiger Verwendung.<\/li>\n<li><b>FDA-konform:<\/b> Kann in Verpackungsmaterialien aus Polyesterfolie verwendet werden, um deren Antihaftwirkung zu verbessern.<\/li>\n<\/ul>\n<p>&nbsp;<\/p>\n<p><strong>Bester Verk\u00e4ufer im Vergleich zu bekannten Marken:<\/strong><\/p>\n<p><img fetchpriority=\"high\" decoding=\"async\" class=\"alignnone wp-image-81 size-full\" src=\"https:\/\/wanda-chemical.com\/wp-content\/uploads\/2021\/03\/\u548c\u4e09\u661f\u4fe1\u8d8a\u5bf9\u6bd4.png\" alt=\"\" width=\"664\" height=\"240\" srcset=\"https:\/\/wanda-chemical.com\/wp-content\/uploads\/2021\/03\/\u548c\u4e09\u661f\u4fe1\u8d8a\u5bf9\u6bd4.png 664w, https:\/\/wanda-chemical.com\/wp-content\/uploads\/2021\/03\/\u548c\u4e09\u661f\u4fe1\u8d8a\u5bf9\u6bd4-300x108.png 300w, https:\/\/wanda-chemical.com\/wp-content\/uploads\/2021\/03\/\u548c\u4e09\u661f\u4fe1\u8d8a\u5bf9\u6bd4-600x217.png 600w\" sizes=\"(max-width: 664px) 100vw, 664px\" \/><\/p>\n<p>&nbsp;<\/p>\n<p><b>Wanda's Edge: Renommierte Marken \u00fcbertrumpfen\u3011<\/b> Das Lichtstreumittel von Wanda steht in Qualit\u00e4t und Kosteneffizienz in nichts nach und \u00fcbertrifft sogar die bekannten internationalen Marken. Wir sind besonders stolz auf das \"makellose Finish\", das unser Produkt liefert.<\/p>\n<p>&nbsp;<\/p>\n<hr \/>\n<p><b>Erleben Sie es jetzt:<\/b><\/p>\n<p>Wir verstehen Ihr doppeltes Streben nach Produktqualit\u00e4t und Kosteneffizienz. Wenn Sie sich f\u00fcr das Lichtstreuungsmittel von Wanda interessieren, kontaktieren Sie uns bitte, um detaillierte Preise zu erfahren und ein kostenloses Muster zum Testen anzufordern. Wir glauben, dass Wanda Ihre ideale L\u00f6sung f\u00fcr Lichtstreuung sein wird!<\/p>","protected":false},"excerpt":{"rendered":"<p>Lichtdiffusionsmittel, auch Silikonharzpulver, Lichtdiffusionszusatz und Silikonbasis genannt, wird haupts\u00e4chlich f\u00fcr PC, PMMA, PS, ABS, PVC, LED-Lampenschirme, LED-Lichtabdeckungen, Lichtdiffusionsplatten, Lichtdiffusionsfolien, LCD, Diffusorfolien, TV-Displays, digitale R\u00f6hrengitter, Werbeleuchtk\u00e4sten und -tafeln, Leuchtbuchstaben, Kosmetikflaschen, Masterbatches, Malerei- oder Tintenadditive, Anti-Kratz- und Mattierungsmittel f\u00fcr Kunststoff usw. verwendet.<\/p>\n<p>&nbsp;<\/p>","protected":false},"featured_media":129,"comment_status":"open","ping_status":"closed","template":"","meta":[],"class_list":["post-78","product","type-product","status-publish","has-post-thumbnail","hentry","product_cat-light-diffusion-agent"],"_links":{"self":[{"href":"https:\/\/wanda-chemical.com\/de\/wp-json\/wp\/v2\/product\/78","targetHints":{"allow":["GET"]}}],"collection":[{"href":"https:\/\/wanda-chemical.com\/de\/wp-json\/wp\/v2\/product"}],"about":[{"href":"https:\/\/wanda-chemical.com\/de\/wp-json\/wp\/v2\/types\/product"}],"replies":[{"embeddable":true,"href":"https:\/\/wanda-chemical.com\/de\/wp-json\/wp\/v2\/comments?post=78"}],"wp:featuredmedia":[{"embeddable":true,"href":"https:\/\/wanda-chemical.com\/de\/wp-json\/wp\/v2\/media\/129"}],"wp:attachment":[{"href":"https:\/\/wanda-chemical.com\/de\/wp-json\/wp\/v2\/media?parent=78"}],"curies":[{"name":"wp","href":"https:\/\/api.w.org\/{rel}","templated":true}]}}