{"id":1600,"date":"2025-05-21T15:14:24","date_gmt":"2025-05-21T07:14:24","guid":{"rendered":"https:\/\/wanda-chemical.com\/?post_type=product&#038;p=1600"},"modified":"2025-05-21T15:14:24","modified_gmt":"2025-05-21T07:14:24","slug":"enhance-cosmetic-personal-care-products-with-polymethylsilsesquioxane-pmsq","status":"publish","type":"product","link":"https:\/\/wanda-chemical.com\/de\/produkt\/enhance-cosmetic-personal-care-products-with-polymethylsilsesquioxane-pmsq\/","title":{"rendered":"Verbessern Sie Kosmetik- und K\u00f6rperpflegeprodukte mit Polymethylsilsesquioxan (PMSQ)"},"content":{"rendered":"<p>Premium-Silikonharzpulver f\u00fcr makellose Formulierungen<\/p>\n<figure id=\"attachment_1452\" aria-describedby=\"caption-attachment-1452\" style=\"width: 800px\" class=\"wp-caption aligncenter\"><img fetchpriority=\"high\" decoding=\"async\" class=\"wp-image-1452 size-large\" src=\"https:\/\/wanda-chemical.com\/wp-content\/uploads\/2023\/07\/6-1024x680.jpeg\" alt=\"\" width=\"800\" height=\"531\" srcset=\"https:\/\/wanda-chemical.com\/wp-content\/uploads\/2023\/07\/6-1024x680.jpeg 1024w, https:\/\/wanda-chemical.com\/wp-content\/uploads\/2023\/07\/6-300x199.jpeg 300w, https:\/\/wanda-chemical.com\/wp-content\/uploads\/2023\/07\/6-768x510.jpeg 768w, https:\/\/wanda-chemical.com\/wp-content\/uploads\/2023\/07\/6-1536x1020.jpeg 1536w, https:\/\/wanda-chemical.com\/wp-content\/uploads\/2023\/07\/6-2048x1361.jpeg 2048w, https:\/\/wanda-chemical.com\/wp-content\/uploads\/2023\/07\/6-600x399.jpeg 600w\" sizes=\"(max-width: 800px) 100vw, 800px\" \/><figcaption id=\"caption-attachment-1452\" class=\"wp-caption-text\">Wei\u00dfes PMSQ-Pulver mit Lichtstreueffekt<\/figcaption><\/figure>\n<div class=\"mceTemp\"><\/div>\n<p>&nbsp;<\/p>\n<p>Als zuverl\u00e4ssiger Hersteller von Polymethylsilsesquioxan liefern wir transformative L\u00f6sungen f\u00fcr Kosmetik- und K\u00f6rperpflegemarken. Unser hochreines PMSQ, ein vielseitiges Silikonharzpulver, verbessert die sensorischen Erfahrungen und die optische Leistung. Wir sind Ihr Partner f\u00fcr Polymethylsilsesquioxan in loser Sch\u00fcttung, das auf Anti-Aging-Seren, matte Foundations, Sonnenschutzmittel und moderne Haarpflegeprodukte zugeschnitten ist.<\/p>\n<p>&nbsp;<\/p>\n<h2><\/h2>\n<h2><strong>Warum Polymethylsilsesquioxan (PMSQ)?<\/strong><\/h2>\n<h3>Multifunktionaler kosmetischer Inhaltsstoff<\/h3>\n<p>PMSQ wird durch Hydrolyse und Kondensation aus Methyltrimethoxysilan gewonnen und zeichnet sich durch eine kugelf\u00f6rmige Siliconpulverstruktur aus:<\/p>\n<ul>\n<li>Weichzeichner-Optik zum Verwischen feiner Linien, Falten und Poren<\/li>\n<li>Mattes Finish mit hervorragender Talgaufnahme (60-90 g\/100g)<\/li>\n<li>Lichtstreuender Brechungsindex (~1,42-1,45)<\/li>\n<li>Seidige, nicht fettende Textur, verbessert durch kugelf\u00f6rmige Partikel (3-8 \u00b5m)<\/li>\n<li>Verbesserte Verteilbarkeit und Stabilit\u00e4t in Lotionen, Sonnenschutzmitteln und Pudern<\/li>\n<\/ul>\n<p>&nbsp;<\/p>\n<h2><\/h2>\n<h2>Wissenschaftlich untermauerte Vorteile f\u00fcr Formulierer<\/h2>\n<h3>Wichtige Anwendungen<\/h3>\n<table>\n<tbody>\n<tr>\n<td>Kategorie<\/td>\n<td>Anwendungsf\u00e4lle<\/td>\n<td>Wichtigste Vorteile<\/td>\n<\/tr>\n<tr>\n<td>Hautpflege<\/td>\n<td>Seren, Grundierungen, Feuchtigkeitscremes<\/td>\n<td>Verwischt Unebenheiten, kontrolliert \u00d6l<\/td>\n<\/tr>\n<tr>\n<td>Farbige Kosmetika<\/td>\n<td>Grundierungen, Puder, Abdeckungen<\/td>\n<td>Schwereloses, mattes Finish<\/td>\n<\/tr>\n<tr>\n<td>Sonnenschutzmittel<\/td>\n<td>UV-Schutz-Formulierungen<\/td>\n<td>Verst\u00e4rkt die SPF-Wirkung, reduziert Fett<\/td>\n<\/tr>\n<tr>\n<td>Haarpflege<\/td>\n<td>Stylingprodukte, Trockenshampoos<\/td>\n<td>Nicht fettendes, seidiges Gef\u00fchl<\/td>\n<\/tr>\n<\/tbody>\n<\/table>\n<p><em><i>(Vorgeschlagene Seitenleiste: \"Wussten Sie schon? Die kugelf\u00f6rmige Form von PMSQ minimiert die Agglomeration f\u00fcr eine gleichm\u00e4\u00dfigere Anwendung.\")<\/i><\/em><\/p>\n<p>&nbsp;<\/p>\n<h2><img decoding=\"async\" class=\"aligncenter wp-image-1499 size-full\" src=\"https:\/\/wanda-chemical.com\/wp-content\/uploads\/2023\/12\/2.webp\" alt=\"\" width=\"800\" height=\"800\" srcset=\"https:\/\/wanda-chemical.com\/wp-content\/uploads\/2023\/12\/2.webp 800w, https:\/\/wanda-chemical.com\/wp-content\/uploads\/2023\/12\/2-300x300.webp 300w, https:\/\/wanda-chemical.com\/wp-content\/uploads\/2023\/12\/2-150x150.webp 150w, https:\/\/wanda-chemical.com\/wp-content\/uploads\/2023\/12\/2-768x768.webp 768w, https:\/\/wanda-chemical.com\/wp-content\/uploads\/2023\/12\/2-600x600.webp 600w, https:\/\/wanda-chemical.com\/wp-content\/uploads\/2023\/12\/2-100x100.webp 100w\" sizes=\"(max-width: 800px) 100vw, 800px\" \/><\/h2>\n<h2>Technische Daten<\/h2>\n<table>\n<tbody>\n<tr>\n<td>Eigentum<\/td>\n<td>Wert<\/td>\n<td>Vorteil der Formulierung<\/td>\n<\/tr>\n<tr>\n<td>INCI-Name<\/td>\n<td>Polymethylsilsesquioxan<\/td>\n<td>Weltweit anerkannte Konformit\u00e4t<\/td>\n<\/tr>\n<tr>\n<td>Erscheinungsbild<\/td>\n<td>Frei flie\u00dfendes wei\u00dfes Pulver<\/td>\n<td>Einfaches Mischen in \u00f6ligen\/wasserfreien Phasen<\/td>\n<\/tr>\n<tr>\n<td>Partikelgr\u00f6\u00dfe<\/td>\n<td>3-8 \u00b5m<\/td>\n<td>Optimale taktile und optische Balance<\/td>\n<\/tr>\n<tr>\n<td>\u00d6l-Absorption<\/td>\n<td>60-90 g\/100g<\/td>\n<td>Lang anhaltende Glanzkontrolle<\/td>\n<\/tr>\n<tr>\n<td>Sch\u00fcttdichte<\/td>\n<td>0,20-0,40 g\/cm\u00b3<\/td>\n<td>Konsistente Produkttextur<\/td>\n<\/tr>\n<\/tbody>\n<\/table>\n<p>&nbsp;<\/p>\n<h2><\/h2>\n<h2>Leitlinien f\u00fcr die Verwendung<\/h2>\n<ul>\n<li>Dosierung:\n<ul>\n<li>1-5%: Verbesserung der matten Oberfl\u00e4che<\/li>\n<li>5-10%: Falten-\/Porenverwischung<\/li>\n<li>Bis 20%: Leistungsstarke Pulver<\/li>\n<\/ul>\n<\/li>\n<li>Kompatibilit\u00e4t: Funktioniert nahtlos mit Silikonen, Estern und organischen UV-Filtern.<\/li>\n<li>Sicherheit: Nicht reizende, nicht eindringende Partikel, geeignet f\u00fcr empfindliche Haut.<\/li>\n<\/ul>\n<h2><img decoding=\"async\" class=\"aligncenter wp-image-1456 size-full\" src=\"https:\/\/wanda-chemical.com\/wp-content\/uploads\/2023\/07\/8.png\" alt=\"\" width=\"670\" height=\"457\" srcset=\"https:\/\/wanda-chemical.com\/wp-content\/uploads\/2023\/07\/8.png 670w, https:\/\/wanda-chemical.com\/wp-content\/uploads\/2023\/07\/8-300x205.png 300w, https:\/\/wanda-chemical.com\/wp-content\/uploads\/2023\/07\/8-600x409.png 600w\" sizes=\"(max-width: 670px) 100vw, 670px\" \/><\/h2>\n<h2>Was Kunden sagen<\/h2>\n<p><em><i>\"PMSQ hat unsere matte Foundation-Linie revolutioniert. Das seidige Gef\u00fchl und der porenverfeinernde Effekt haben unsere Erwartungen \u00fcbertroffen.\"<\/i><\/em><br \/>\n- Hauptformulierer, Prestige-Kosmetikmarke<\/p>\n<p><em><i>\"Au\u00dfergew\u00f6hnliche Soft-Focus-Ergebnisse bei Anti-Aging-Seren mit PMSQ erzielt. Der technische Support war hervorragend.\"<\/i><\/em><br \/>\n- F&amp;E-Leiter, Boutique Skincare Lab<\/p>\n<p>&nbsp;<\/p>\n<h2><\/h2>\n<h2>Warum sollten Sie unser PMSQ w\u00e4hlen?<\/h2>\n<ul>\n<li>Hohe Reinheit: &gt;99% Polymethylsilsesquioxan-Konsistenz<\/li>\n<li>Verantwortungsvolle Chemie: Geringe Umweltpersistenz im Vergleich zu herk\u00f6mmlichen Polymeren<\/li>\n<li>Unterst\u00fctzung durch Experten: Nutzen Sie unser Fachwissen \u00fcber Silikone und Lichtdiffusionsmittel<\/li>\n<\/ul>\n<p>&nbsp;<\/p>\n<p>&nbsp;<\/p>\n<p>Bereit zur Innovation?<br \/>\nWerten Sie Ihre Kosmetik- und K\u00f6rperpflegeproduktlinie mit unserem hochwertigen Polymethylsilsesquioxan-Pulver auf.<br \/>\n\ud83d\udce9 Kontaktieren Sie uns noch heute f\u00fcr:<\/p>\n<ul>\n<li>Kostenlose PMSQ-Muster<\/li>\n<li>Anleitung zur kundenspezifischen Formulierung<\/li>\n<li>Konsultationen bei Gro\u00dfauftr\u00e4gen<\/li>\n<\/ul>\n<p>&nbsp;<\/p>","protected":false},"excerpt":{"rendered":"<h2>Warum sollten Sie unser PMSQ w\u00e4hlen?<\/h2>\n<ul>\n<li>Hohe Reinheit: &gt;99% Polymethylsilsesquioxan-Konsistenz<\/li>\n<li>Verantwortungsvolle Chemie: Geringe Umweltpersistenz im Vergleich zu herk\u00f6mmlichen Polymeren<\/li>\n<li>Unterst\u00fctzung durch Experten: Nutzen Sie unser Fachwissen \u00fcber Silikone und Lichtdiffusionsmittel<\/li>\n<\/ul>\n<p>&nbsp;<\/p>\n<p class=\"p1\"><strong>F\u00fcr den Preis<span class=\"s1\">,<\/span><\/strong>\u00a0Bitte kontaktieren Sie uns<span class=\"s1\">,<\/span>\u00a0Das detaillierte Angebot f\u00fcr dieses Siliconharzpulver wird Ihnen als Referenz zugesandt.<\/p>\n<p class=\"p1\"><strong>F\u00fcr Muster<\/strong><span class=\"s1\">,<\/span>\u00a0kostenlos zur Verf\u00fcgung gestellt<\/p>\n<p class=\"p1\"><strong>MOQ:<\/strong> 120kgs<\/p>\n<p class=\"p1\"><strong>H.S. Code:<\/strong>\u00a039100090<\/p>\n<p class=\"p1\"><strong>Fachbegriff:<\/strong>\u00a0EXW\/FOB\/CFR\/CIF sind verf\u00fcgbar<\/p>","protected":false},"featured_media":1456,"comment_status":"open","ping_status":"closed","template":"","meta":[],"class_list":["post-1600","product","type-product","status-publish","has-post-thumbnail","hentry","product_cat-silicone-resin-powder"],"_links":{"self":[{"href":"https:\/\/wanda-chemical.com\/de\/wp-json\/wp\/v2\/product\/1600","targetHints":{"allow":["GET"]}}],"collection":[{"href":"https:\/\/wanda-chemical.com\/de\/wp-json\/wp\/v2\/product"}],"about":[{"href":"https:\/\/wanda-chemical.com\/de\/wp-json\/wp\/v2\/types\/product"}],"replies":[{"embeddable":true,"href":"https:\/\/wanda-chemical.com\/de\/wp-json\/wp\/v2\/comments?post=1600"}],"wp:featuredmedia":[{"embeddable":true,"href":"https:\/\/wanda-chemical.com\/de\/wp-json\/wp\/v2\/media\/1456"}],"wp:attachment":[{"href":"https:\/\/wanda-chemical.com\/de\/wp-json\/wp\/v2\/media?parent=1600"}],"curies":[{"name":"wp","href":"https:\/\/api.w.org\/{rel}","templated":true}]}}