{"id":147,"date":"2021-03-15T18:10:03","date_gmt":"2021-03-15T10:10:03","guid":{"rendered":"https:\/\/wanda-chemical.com\/?post_type=product&#038;p=147"},"modified":"2023-07-03T14:48:28","modified_gmt":"2023-07-03T06:48:28","slug":"for-cosmetics-application","status":"publish","type":"product","link":"https:\/\/wanda-chemical.com\/de\/produkt\/for-cosmetics-application\/","title":{"rendered":"f\u00fcr kosmetische Anwendungen"},"content":{"rendered":"<p><span style=\"color: #008000;\"><strong><span class=\"text-dst\">Anderer Name: <\/span><\/strong><\/span>Sph\u00e4risches Siliconharzpulver, mikrosph\u00e4risches Siliconharzpulver, Siliconharzpulver, Polymethlsilsesquioxan, PMSQ-Pulver, Dimethysiloxan<\/p>\n<p>&nbsp;<\/p>\n<div class=\"page\" title=\"Seite 1\">\n<div class=\"layoutArea\">\n<div class=\"column\">\n<p><span style=\"color: #008000;\"><strong><span class=\"text-dst\">Anwendung:<\/span><\/strong><\/span><\/p>\n<\/div>\n<\/div>\n<div class=\"section\">\n<div class=\"layoutArea\">\n<div class=\"column\">\n<ul>\n<li>Sonnenschutzmittel: Sonnencreme, Blockeremulsion<\/li>\n<li>Farbige Kosmetika: Lippenstifte, Grundierungen, Lidschatten, gepresster Puder, loser Puder<\/li>\n<li>Hautpflegeprodukte: Nachtcreme, Anti-Aging- und Anti-Falten-Creme, BB-Creme<\/li>\n<li>K\u00f6rperpflege: K\u00f6rperpflegelotionen<\/li>\n<\/ul>\n<\/div>\n<\/div>\n<\/div>\n<\/div>\n<p>&nbsp;<\/p>\n<p><span style=\"color: #008000;\"><strong><span class=\"text-dst\">Wie sieht es mit seinem Nutzen f\u00fcr die Kosmetik aus?\u00a0<\/span><\/strong><\/span><\/p>\n<p><span class=\"text-dst\">1.)<\/span>unpolares \u00d6l absorbierend &amp; leicht in Wasser und \u00d6l zu dispergieren<\/p>\n<p>2.) Die kugelf\u00f6rmige Struktur verleiht Kosmetika eine gute Geschmeidigkeit und ein besseres seidiges Gef\u00fchl, wodurch sie sich leichter verteilen lassen.<\/p>\n<p>3.) Es kann in gepresstem Pulver verwendet werden, um dessen Bruchfestigkeit zu verbessern.<\/p>\n<p>4.) Organische Eigenschaften k\u00f6nnen die Haftung des Produkts auf der Haut verbessern und den Verlust von Make-up wirksam verhindern.<\/p>\n<p>5.) Der hohe Brechungsindex bewirkt eine Streuung des einfallenden Lichts, schw\u00e4cht den Kontrast von Licht und Schatten im Gesicht ab und f\u00fchrt zu einer \"optischen Unsch\u00e4rfe\" oder einem \"weichen Fokus\".<\/p>\n<p>6.)F\u00fcllt feine Falten auf und macht die Haut glatt und geschmeidig<\/p>\n<p>&nbsp;<\/p>\n<p><span style=\"color: #008000;\"><strong><span class=\"text-dst\">Warme Tipps:<\/span><\/strong><\/span><\/p>\n<p>Das allgemeine Mischungsverh\u00e4ltnis dieser Art von Silikonkautschuk betr\u00e4gt 0,5-0,8%. Kunden k\u00f6nnen es je nach Matrixmaterial, tats\u00e4chlicher Verwendung, Materialst\u00e4rke, Oberfl\u00e4chenbehandlung und anderen Anforderungen flexibel anpassen.<\/p>","protected":false},"excerpt":{"rendered":"<p>Silikonharzpulver kann in Kosmetika verwendet werden. Es kann das Gef\u00fchl, die Schwei\u00dfbest\u00e4ndigkeit und die Abdeckf\u00e4higkeit von Kosmetika wie Foundation und Hautpflegeprodukten verbessern.<\/p>\n<p class=\"p1\"><strong>F\u00fcr den Preis<span class=\"s1\">,<\/span><\/strong>\u00a0Bitte kontaktieren Sie uns<span class=\"s1\">,<\/span> Das detaillierte Angebot f\u00fcr dieses Siliconharzpulver wird Ihnen als Referenz zugesandt.<\/p>\n<p class=\"p1\"><strong>F\u00fcr Muster<\/strong><span class=\"s1\">,<\/span>\u00a0kostenlos zur Verf\u00fcgung gestellt<\/p>\n<p class=\"p1\"><strong>MOQ:<\/strong>\u00a0100kgs<\/p>\n<p class=\"p1\"><strong>H.S. Code:<\/strong>\u00a039100090<\/p>\n<p class=\"p1\"><strong>Fachbegriff:<\/strong>\u00a0EXW\/FOB\/CFR\/CIF sind verf\u00fcgbar<\/p>","protected":false},"featured_media":148,"comment_status":"open","ping_status":"closed","template":"","meta":[],"class_list":["post-147","product","type-product","status-publish","has-post-thumbnail","hentry","product_cat-silicone-resin-powder"],"_links":{"self":[{"href":"https:\/\/wanda-chemical.com\/de\/wp-json\/wp\/v2\/product\/147","targetHints":{"allow":["GET"]}}],"collection":[{"href":"https:\/\/wanda-chemical.com\/de\/wp-json\/wp\/v2\/product"}],"about":[{"href":"https:\/\/wanda-chemical.com\/de\/wp-json\/wp\/v2\/types\/product"}],"replies":[{"embeddable":true,"href":"https:\/\/wanda-chemical.com\/de\/wp-json\/wp\/v2\/comments?post=147"}],"wp:featuredmedia":[{"embeddable":true,"href":"https:\/\/wanda-chemical.com\/de\/wp-json\/wp\/v2\/media\/148"}],"wp:attachment":[{"href":"https:\/\/wanda-chemical.com\/de\/wp-json\/wp\/v2\/media?parent=147"}],"curies":[{"name":"wp","href":"https:\/\/api.w.org\/{rel}","templated":true}]}}