{"id":1423,"date":"2023-06-09T09:56:41","date_gmt":"2023-06-09T01:56:41","guid":{"rendered":"https:\/\/wanda-chemical.com\/?post_type=product&#038;p=1423"},"modified":"2023-06-09T10:01:03","modified_gmt":"2023-06-09T02:01:03","slug":"anti-dripping-additive-pfoa-free-wd-6260","status":"publish","type":"product","link":"https:\/\/wanda-chemical.com\/de\/produkt\/anti-dripping-additive-pfoa-free-wd-6260\/","title":{"rendered":"Anti-Tropf-Zusatzstoff - PFOA-frei WD-6260"},"content":{"rendered":"<p><strong><b>Anwendung:<\/b><\/strong><\/p>\n<p>Geeignet f\u00fcr thermoplastische Kunststoffe wie Nylon und PP, die der Norm UL94 V0 entsprechen m\u00fcssen.<\/p>\n<p>Verhindert das Abtropfen von Kunststoffen, wenn diese verbrannt werden.<\/p>\n<p>&nbsp;<\/p>\n<p><strong><b>Physikalische Eigenschaften: <\/b><\/strong><\/p>\n<table>\n<tbody>\n<tr>\n<td width=\"170\">\n<p style=\"text-align: center;\"><strong><b>D<\/b><\/strong><strong><b>ata<\/b><\/strong><\/p>\n<\/td>\n<td width=\"224\">\n<p style=\"text-align: center;\"><strong><b>WD-6260<\/b><\/strong><\/p>\n<\/td>\n<\/tr>\n<tr>\n<td width=\"170\">\n<p style=\"text-align: center;\"><strong><b>Bulk<\/b><\/strong>\u00a0<strong><b>Dichte<\/b><\/strong><\/p>\n<\/td>\n<td width=\"224\">\n<p style=\"text-align: center;\"><strong><b>~700<\/b><\/strong><strong><b>g<\/b><\/strong><strong><b>\/<\/b><\/strong><strong><b>L<\/b><\/strong><\/p>\n<\/td>\n<\/tr>\n<tr>\n<td width=\"170\">\n<p style=\"text-align: center;\"><strong><b>A<\/b><\/strong><strong><b>ppearance<\/b><\/strong><\/p>\n<\/td>\n<td width=\"224\">\n<p style=\"text-align: center;\"><strong><b>W<\/b><\/strong><strong><b>h<\/b><\/strong><strong><b>ite<\/b><\/strong>\u00a0<strong><b>Pulver<\/b><\/strong><\/p>\n<\/td>\n<\/tr>\n<tr>\n<td width=\"170\">\n<p style=\"text-align: center;\"><strong><b>PTFE<\/b><\/strong>\u00a0<strong><b>Inhalt<\/b><\/strong><\/p>\n<\/td>\n<td width=\"224\">\n<p style=\"text-align: center;\"><strong><b>\u226598%<\/b><\/strong><\/p>\n<\/td>\n<\/tr>\n<\/tbody>\n<\/table>\n<p>&nbsp;<\/p>\n<p><strong><b>Typische Dosierungsrate:<\/b><\/strong><\/p>\n<table>\n<tbody>\n<tr>\n<td width=\"255\">\n<p style=\"text-align: center;\"><strong><b>M<\/b><\/strong><strong><b>a<\/b><\/strong><strong><b>terial<\/b><\/strong><\/p>\n<\/td>\n<td width=\"253\">\n<p style=\"text-align: center;\"><strong><b>Dos<\/b><\/strong><strong><b>Alter<\/b><\/strong>\u00a0<strong><b>Ratio<\/b><\/strong><\/p>\n<\/td>\n<\/tr>\n<tr>\n<td width=\"255\">\n<p style=\"text-align: center;\"><strong><b>PC\/ABS<\/b><\/strong><\/p>\n<\/td>\n<td width=\"253\">\n<p style=\"text-align: center;\">0.20% &#8211; 0.30%<\/p>\n<\/td>\n<\/tr>\n<tr>\n<td width=\"255\">\n<p style=\"text-align: center;\"><strong><b>P<\/b><\/strong><strong><b>C<\/b><\/strong><\/p>\n<\/td>\n<td width=\"253\">\n<p style=\"text-align: center;\">0.40% -0.50%<\/p>\n<\/td>\n<\/tr>\n<tr>\n<td width=\"255\">\n<p style=\"text-align: center;\"><strong><b>A<\/b><\/strong><strong><b>BS<\/b><\/strong><\/p>\n<\/td>\n<td width=\"253\">\n<p style=\"text-align: center;\">0.10%- 0.20%<\/p>\n<\/td>\n<\/tr>\n<\/tbody>\n<\/table>\n<p>&nbsp;<\/p>\n<p><strong><b>S<\/b><\/strong><strong><b>h<\/b><\/strong><strong><b>elf L<\/b><\/strong><strong><b>i<\/b><\/strong><strong><b>fe: <\/b><\/strong><\/p>\n<p>Bei Lagerung bei oder unter 25\u00b0C in den unge\u00f6ffneten Originalbeh\u00e4ltern betr\u00e4gt die Haltbarkeit 3 Jahre ab dem Herstellungsdatum.<\/p>\n<p>&nbsp;<\/p>\n<p><strong><b>Lagerung&amp;Vorsichtsma\u00dfnahmen\uff1a<\/b><\/strong><\/p>\n<p>*Es sollte an einem sauberen, trockenen Ort in seinem unge\u00f6ffneten Originalbeh\u00e4lter aufbewahrt werden.<\/p>\n<p>*Lesen Sie vor der Verwendung sorgf\u00e4ltig das Sicherheitsdatenblatt (MSDS), das Sie vom Lieferanten erhalten k\u00f6nnen.<\/p>","protected":false},"excerpt":{"rendered":"<p>Das Antitropfmittel WD-6260 ist reines PTFE-Pulver.<\/p>\n<p>WD-6260 erf\u00fcllt die Anforderungen der Norm UL 94.<\/p>","protected":false},"featured_media":875,"comment_status":"open","ping_status":"closed","template":"","meta":[],"class_list":["post-1423","product","type-product","status-publish","has-post-thumbnail","hentry","product_cat-antidripping-agent","product_tag-antidripping-agent"],"_links":{"self":[{"href":"https:\/\/wanda-chemical.com\/de\/wp-json\/wp\/v2\/product\/1423","targetHints":{"allow":["GET"]}}],"collection":[{"href":"https:\/\/wanda-chemical.com\/de\/wp-json\/wp\/v2\/product"}],"about":[{"href":"https:\/\/wanda-chemical.com\/de\/wp-json\/wp\/v2\/types\/product"}],"replies":[{"embeddable":true,"href":"https:\/\/wanda-chemical.com\/de\/wp-json\/wp\/v2\/comments?post=1423"}],"wp:featuredmedia":[{"embeddable":true,"href":"https:\/\/wanda-chemical.com\/de\/wp-json\/wp\/v2\/media\/875"}],"wp:attachment":[{"href":"https:\/\/wanda-chemical.com\/de\/wp-json\/wp\/v2\/media?parent=1423"}],"curies":[{"name":"wp","href":"https:\/\/api.w.org\/{rel}","templated":true}]}}