{"id":142,"date":"2021-03-15T16:22:56","date_gmt":"2021-03-15T08:22:56","guid":{"rendered":"https:\/\/wanda-chemical.com\/?post_type=product&#038;p=142"},"modified":"2023-07-03T14:50:06","modified_gmt":"2023-07-03T06:50:06","slug":"for-paint-coating-ink-applications","status":"publish","type":"product","link":"https:\/\/wanda-chemical.com\/de\/produkt\/for-paint-coating-ink-applications\/","title":{"rendered":"f\u00fcr Farb-\/Beschichtungs-\/Tintenanwendungen"},"content":{"rendered":"<p><span class=\"text-dst\">Silikonharzpulver ist eine Art multifunktionales, kugelf\u00f6rmiges Silikonharzpulver, das wasserunl\u00f6slich, nicht brennbar und sehr hitzebest\u00e4ndig ist. Wenn es in Druckfarben und Beschichtungen verwendet wird, kann es den matten Eindruck, die Gl\u00e4tte und die Hydrophobie der Oberfl\u00e4che verbessern und der Produktoberfl\u00e4che ein ausgezeichnetes Tastgef\u00fchl verleihen. <\/span><span class=\"text-dst hl\">Es eignet sich f\u00fcr Beschichtungen und Farbzus\u00e4tze mit hoher Hitze- und L\u00f6semittelbest\u00e4ndigkeit und kann f\u00fcr hochwertige Holzanstriche verwendet werden.<\/span><\/p>\n<div class=\"page\" title=\"Seite 1\">\n<div class=\"section\">\n<div class=\"layoutArea\">\n<div class=\"column\">\n<p>Gleichzeitig kann es als Dispergiermittel und Antiflockungszusatz f\u00fcr Pigmente verwendet werden, verbessert die Elektrifizierungskontrolle und die Flie\u00dff\u00e4higkeit von Tonern und verbessert die Verarbeitbarkeit aller Arten von Reinigungsmitteln und Wachsprodukten.<\/p>\n<p>Die allgemeine Zugabe betr\u00e4gt 0,5-2,0%. Kunden k\u00f6nnen es flexibel nach dem Matrixmaterial, der tats\u00e4chlichen Verwendung, der Materialst\u00e4rke, der Oberfl\u00e4chenbehandlung und anderen Bed\u00fcrfnissen anpassen.<\/p>\n<\/div>\n<\/div>\n<\/div>\n<\/div>","protected":false},"excerpt":{"rendered":"<p>Silikonharzpulver wird in Farben, Beschichtungen und Tinten verwendet. Es kann die Dispergierbarkeit von Pigmenten und Pulvern in der Formel verbessern und die Gleitf\u00e4higkeit und Haptik der Produkte effektiv verbessern.<\/p>\n<p class=\"p1\">Wir k\u00f6nnen den Brechungsindex individuell anpassen<span class=\"s1\">,<\/span> Dunst<span class=\"s1\">,<\/span> Durchl\u00e4ssigkeit entsprechend Ihren Anforderungen.<\/p>\n<p class=\"p1\"><strong>F\u00fcr den Preis<span class=\"s1\">,<\/span><\/strong> Bitte kontaktieren Sie uns<span class=\"s1\">,<\/span> Das detaillierte Angebot f\u00fcr dieses Siliconharzpulver wird Ihnen als Referenz zugesandt.<\/p>\n<p class=\"p1\"><strong>F\u00fcr Muster<\/strong><span class=\"s1\">,<\/span> kostenlos zur Verf\u00fcgung gestellt<\/p>\n<p class=\"p1\"><strong>MOQ:<\/strong> 100kgs<\/p>\n<p class=\"p1\"><strong>H.S. Code:<\/strong> 39100090<\/p>\n<p class=\"p1\"><strong>Fachbegriff:<\/strong> EXW\/FOB\/CFR\/CIF sind verf\u00fcgbar<\/p>","protected":false},"featured_media":143,"comment_status":"open","ping_status":"closed","template":"","meta":[],"class_list":["post-142","product","type-product","status-publish","has-post-thumbnail","hentry","product_cat-silicone-resin-powder"],"_links":{"self":[{"href":"https:\/\/wanda-chemical.com\/de\/wp-json\/wp\/v2\/product\/142","targetHints":{"allow":["GET"]}}],"collection":[{"href":"https:\/\/wanda-chemical.com\/de\/wp-json\/wp\/v2\/product"}],"about":[{"href":"https:\/\/wanda-chemical.com\/de\/wp-json\/wp\/v2\/types\/product"}],"replies":[{"embeddable":true,"href":"https:\/\/wanda-chemical.com\/de\/wp-json\/wp\/v2\/comments?post=142"}],"wp:featuredmedia":[{"embeddable":true,"href":"https:\/\/wanda-chemical.com\/de\/wp-json\/wp\/v2\/media\/143"}],"wp:attachment":[{"href":"https:\/\/wanda-chemical.com\/de\/wp-json\/wp\/v2\/media?parent=142"}],"curies":[{"name":"wp","href":"https:\/\/api.w.org\/{rel}","templated":true}]}}