{"id":136,"date":"2021-03-15T15:21:51","date_gmt":"2021-03-15T07:21:51","guid":{"rendered":"https:\/\/wanda-chemical.com\/?post_type=product&#038;p=136"},"modified":"2026-04-09T07:21:40","modified_gmt":"2026-04-08T23:21:40","slug":"for-lda-masterbatch-application","status":"publish","type":"product","link":"https:\/\/wanda-chemical.com\/de\/produkt\/for-lda-masterbatch-application\/","title":{"rendered":"f\u00fcr LDA Masterbatch Anwendung"},"content":{"rendered":"<div class=\"textpanel\">\n<div class=\"textpanel-container clearfix\">\n<div class=\"textpanel-target\">\n<div class=\"textpanel-target-textblock\">\n<p><span class=\"text-dst\">LED-Lampe ist ein Trend der zuk\u00fcnftigen Entwicklung, aber LED-Licht ist immer noch sehr stark, das Licht ist sehr blendend. <\/span><span class=\"text-dst\">Wie man das Licht von LED-Lampen zu mildern, und der Verlust von Lichtenergie ist sehr klein, das ist das Problem, durch Licht-Diffusor und Licht-Diffusion Masterbatch gel\u00f6st werden.<\/span><\/p>\n<p><span class=\"text-dst\">Die Werte von PC und PMMA sind hochtransparent, und der Verlust an Lichtenergie beim Durchgang von Licht ist sehr gering, weshalb sie h\u00e4ufig als Tr\u00e4germaterialien f\u00fcr Lampenschirme und andere optische Materialien gew\u00e4hlt werden.<\/span><\/p>\n<p><span class=\"text-dst\">Der traditionelle Lampenschirm besteht darin, PC und PMMA einen anorganischen Lichtdiffusor hinzuzuf\u00fcgen, wie z. B. Bariumsulfat, Siliziumdioxid und so weiter. <\/span><span class=\"text-dst\">Wenn diese anorganischen Nanopartikel hinzugef\u00fcgt werden, wird das Licht durch die Oberfl\u00e4che der winzigen Partikel zahlreiche Male gebrochen, um eine Lichtstreuung zu erreichen, das ist der Effekt der Phosphoreszenz. <\/span><span class=\"text-dst\">Da das Licht diese anorganischen Nanopartikel jedoch nicht durchdringen kann, kommt es zu einem gro\u00dfen Verlust an Lichtenergie. <\/span><span class=\"text-dst\">Mit anderen Worten: Der anorganische Zusatzstoff kann zwar die Weichheit ver\u00e4ndern, aber keine aufhellende Wirkung erzielen.<\/span><\/p>\n<p><span class=\"text-dst\">Derzeit kann unser organisches Lichtdiffusionsmittel von Wanda das Licht selbst durchdringen, so dass es das Problem der Phosphoreszenz und der Lichtdurchl\u00e4ssigkeit l\u00f6sen kann. <\/span><span class=\"text-dst\">Diese Art von Lichtdiffusor macht sich den Unterschied im Brechungsindex zwischen dem Substrat und den Perlen zunutze. Durch die gleichm\u00e4\u00dfige Verteilung der winzigen Nano-Perlen im Harz dringt das einfallende Licht durch die Perlenkugel, bricht sich im Glask\u00f6rper und dringt dann ein, so dass die punktf\u00f6rmige Lichtquelle zu einer Fl\u00e4chenlichtquelle wird, wodurch die leuchtende Oberfl\u00e4che vergr\u00f6\u00dfert und das Licht weicher wird. Schlie\u00dflich wird das Licht viele Male gebrochen, um einen weichen Phosphoreszenzeffekt zu erzielen.\u00a0<\/span><span class=\"text-dst\">Die Perle selbst ist lichtdurchl\u00e4ssig, so dass der Verlust an Lichtenergie sehr gering ist.\u00a0<\/span><span class=\"text-dst\">Daher kann dieser organische Lichtdiffusor den Effekt der Phosphoreszenz und der Lichtdurchl\u00e4ssigkeit erzielen.<\/span><\/p>\n<p><span class=\"text-dst hl\">Wie wir wissen, ist die traditionelle Verarbeitungsmethode nur die direkte Zugabe von optischen Diffusor, die teuer und schwierig, das Problem der Dispersion zu l\u00f6sen, was zu ungleichm\u00e4\u00dfigen Lichtdurchl\u00e4ssigkeit der PC-Platte.<\/span><\/p>\n<\/div>\n<\/div>\n<\/div>\n<div class=\"textpanel-tool tool-voice\" data-type=\"target\" data-tips=\"\u53d1\u97f3\" data-limit=\"500\"><\/div>\n<div class=\"textpanel-container clearfix\">\n<div class=\"textpanel-target\">\n<div class=\"textpanel-tool tool-copy\" data-tips=\"\u590d\u5236\">Aus diesem Grund wurde LDA Masterbatch geboren, es<span class=\"text-dst\"> hat einen ausgezeichneten Dispersionseffekt und l\u00f6st effektiv das Problem der Lichtnivellierung und ist \u00e4u\u00dferst wirksam bei der Erh\u00f6hung der Lichtstreuung und -durchl\u00e4ssigkeit.<\/span><\/div>\n<\/div>\n<\/div>\n<\/div>","protected":false},"excerpt":{"rendered":"<p>LDA-Masterbatch ist ein hocheffizientes LED\/LCD-Lichtstreuungsadditiv. Es wird haupts\u00e4chlich f\u00fcr PC, PVC, PC, PMMA und PET transparentes Harz verwendet.<\/p>\n<p class=\"p2\">Unser Lichtdiffusionsmittel dieser Art ist das drittwichtigste Produkt in allen unseren Anwendungen<span class=\"s1\">Wir sind zuversichtlich, dass Sie mit diesem Produkt sehr zufrieden sein werden.<\/span> hervorragende Qualit\u00e4t und attraktiver Preis.<\/p>\n<p class=\"p2\">Wir k\u00f6nnen den Brechungsindex individuell anpassen<span class=\"s1\">,<\/span> Dunst<span class=\"s1\">,<\/span> Durchl\u00e4ssigkeit entsprechend Ihren Anforderungen.<\/p>\n<p class=\"p2\"><strong>F\u00fcr den Preis<span class=\"s1\">,<\/span> <\/strong>Bitte kontaktieren Sie uns<span class=\"s1\">,<\/span> Einzelheiten zu diesem Lichtdiffusionsmittel werden Ihnen als Referenz zugesandt.<\/p>\n<p class=\"p2\"><strong>F\u00fcr Muster<\/strong><span class=\"s1\">,<\/span> kostenlos zur Verf\u00fcgung gestellt<\/p>\n<p class=\"p2\"><strong>MOQ:<\/strong> 100kgs<\/p>\n<p class=\"p2\"><strong>H.S. Code:<\/strong> 39100090<\/p>\n<p class=\"p2\"><strong>Fachbegriff:<\/strong> EXW\/FOB\/CFR\/CIF sind verf\u00fcgbar<\/p>","protected":false},"featured_media":137,"comment_status":"open","ping_status":"closed","template":"","meta":[],"class_list":["post-136","product","type-product","status-publish","has-post-thumbnail","hentry","product_cat-light-diffusion-agent"],"_links":{"self":[{"href":"https:\/\/wanda-chemical.com\/de\/wp-json\/wp\/v2\/product\/136","targetHints":{"allow":["GET"]}}],"collection":[{"href":"https:\/\/wanda-chemical.com\/de\/wp-json\/wp\/v2\/product"}],"about":[{"href":"https:\/\/wanda-chemical.com\/de\/wp-json\/wp\/v2\/types\/product"}],"replies":[{"embeddable":true,"href":"https:\/\/wanda-chemical.com\/de\/wp-json\/wp\/v2\/comments?post=136"}],"wp:featuredmedia":[{"embeddable":true,"href":"https:\/\/wanda-chemical.com\/de\/wp-json\/wp\/v2\/media\/137"}],"wp:attachment":[{"href":"https:\/\/wanda-chemical.com\/de\/wp-json\/wp\/v2\/media?parent=136"}],"curies":[{"name":"wp","href":"https:\/\/api.w.org\/{rel}","templated":true}]}}