{"id":130,"date":"2021-03-13T18:21:19","date_gmt":"2021-03-13T10:21:19","guid":{"rendered":"https:\/\/wanda-chemical.com\/?post_type=product&#038;p=130"},"modified":"2026-04-08T02:38:48","modified_gmt":"2026-04-07T18:38:48","slug":"for-pp-ps-pmma-pvc-pc-diffuser-application","status":"publish","type":"product","link":"https:\/\/wanda-chemical.com\/de\/produkt\/for-pp-ps-pmma-pvc-pc-diffuser-application\/","title":{"rendered":"Lichtstreuungsmittel f\u00fcr PP\/PS\/PMMA\/PVC\/PC-Diffusoranwendungen"},"content":{"rendered":"<p>Wanda Lichtdiffusionsmittel kann direkt in PP, PS, PMMA, PVC, PC Diffusor hinzugef\u00fcgt werden. Da es<span class=\"text-dst hl\"> ist eine Art hochtemperaturbest\u00e4ndiges kugelf\u00f6rmiges Pulver, das durch Vernetzung und Pfropfung funktioneller Gruppen auf der Basis von Methacrylat und Styrol durch Polymerisationstechnologie entwickelt wird. Das Lichtdiffusionsmittel von Wanda weist eine Vielzahl von Eigenschaften auf. Es kann mit PP\/PS\/PMMA\/PVC\/PC-Material durch Spritzgie\u00dfen oder Extrusionsformen gemischt werden, um verschiedene Lichtstreuungseffekte zu erzielen. <\/span><span class=\"text-dst\">Verschiedene Profile mit hoher Lichtdurchl\u00e4ssigkeit (90-93%), wie z. B. Diffusionsplatten, Lampenr\u00f6hren, kugelf\u00f6rmige Lampenschirme usw., die ein gutes Gleichgewicht zwischen Lichtdurchl\u00e4ssigkeit und Diffusionsverm\u00f6gen, gute Dispergierbarkeit und Stabilit\u00e4t aufweisen, und unser Lichtdiffusionsmittel kann eine Vielzahl von Partikelgr\u00f6\u00dfen zur Auswahl stellen.<\/span><\/p>\n<p><span class=\"text-dst\">Au\u00dferdem kann es in optischen Kunststoffen und Industrieprodukten verwendet werden und hat bessere optische Funktionen als die Produkte der Konkurrenz. <\/span><span class=\"text-dst\">Im Vergleich zu den gleichen funktionellen Produkten anderer Marken kann mit einer geringen Menge an Einsatz die gleiche Wirkung erzielt und Kosten gespart werden.<\/span><\/p>","protected":false},"excerpt":{"rendered":"<p class=\"p1\">PP\/PS\/PMMA\/PVC\/PC Diffusor Anwendung Lichtdiffusionsmittel ist unser Startprodukt in allen Anwendungen, der Hauptgrund war, dass seine <span class=\"text-dst\">Die hervorragende Qualit\u00e4t kann mit einer ber\u00fchmten Marke wie <\/span>Shinetsu<span class=\"s1\">,<\/span> Samsung<span class=\"s1\">, <\/span><span class=\"text-dst\">und es ist <\/span>ein geringer Einsatz kann die gleiche Wirkung erzielen und Kosten sparen.<\/p>\n<p class=\"p1\">Wir k\u00f6nnen auch den Brechungsindex individuell anpassen<span class=\"s1\">,<\/span> Dunst<span class=\"s1\">,<\/span> Lichtdurchl\u00e4ssigkeit, Mischungsverh\u00e4ltnis nach Ihren Anforderungen.<\/p>\n<p class=\"p1\"><strong>F\u00fcr den Preis<span class=\"s1\">,<\/span><\/strong> Bitte kontaktieren Sie uns<span class=\"s1\">,<\/span> Einzelheiten zu diesem Lichtdiffusionsmittel werden Ihnen als Referenz zugesandt.<\/p>\n<p class=\"p1\"><strong>F\u00fcr Muster<span class=\"s1\">,<\/span> <\/strong>kostenlos zur Verf\u00fcgung gestellt<\/p>\n<p class=\"p1\"><strong>MOQ:<\/strong> 100kgs<\/p>\n<p class=\"p1\"><strong>H.S. Code:<\/strong> 39100090<\/p>\n<p class=\"p1\"><strong>Fachbegriff:<\/strong> EXW\/FOB\/CFR\/CIF sind verf\u00fcgbar<\/p>","protected":false},"featured_media":131,"comment_status":"open","ping_status":"closed","template":"","meta":[],"class_list":["post-130","product","type-product","status-publish","has-post-thumbnail","hentry","product_cat-light-diffusion-agent"],"_links":{"self":[{"href":"https:\/\/wanda-chemical.com\/de\/wp-json\/wp\/v2\/product\/130","targetHints":{"allow":["GET"]}}],"collection":[{"href":"https:\/\/wanda-chemical.com\/de\/wp-json\/wp\/v2\/product"}],"about":[{"href":"https:\/\/wanda-chemical.com\/de\/wp-json\/wp\/v2\/types\/product"}],"replies":[{"embeddable":true,"href":"https:\/\/wanda-chemical.com\/de\/wp-json\/wp\/v2\/comments?post=130"}],"wp:featuredmedia":[{"embeddable":true,"href":"https:\/\/wanda-chemical.com\/de\/wp-json\/wp\/v2\/media\/131"}],"wp:attachment":[{"href":"https:\/\/wanda-chemical.com\/de\/wp-json\/wp\/v2\/media?parent=130"}],"curies":[{"name":"wp","href":"https:\/\/api.w.org\/{rel}","templated":true}]}}