{"id":121,"date":"2021-03-06T17:52:15","date_gmt":"2021-03-06T09:52:15","guid":{"rendered":"https:\/\/wanda-chemical.com\/?post_type=product&#038;p=121"},"modified":"2021-06-26T15:12:43","modified_gmt":"2021-06-26T07:12:43","slug":"for-led-lampshadeled-tube-application","status":"publish","type":"product","link":"https:\/\/wanda-chemical.com\/de\/produkt\/for-led-lampshadeled-tube-application\/","title":{"rendered":"f\u00fcr LED-Lampenschirm&amp;LED-R\u00f6hre Anwendung"},"content":{"rendered":"<p class=\"p1\">Eines der Hauptanwendungsgebiete von Lichtdiffusionsmitteln ist die Verwendung f\u00fcr LED-Lampenschirme\/LED-Abdeckungen und LED-R\u00f6hren. Warum es wird mehr und mehr popul\u00e4r in der LED-Industrie verwendet werden<span class=\"s1\">?<\/span><\/p>\n<p class=\"p1\">Wie alle wissen, ist LED-Licht eine der energiesparenden und umweltschonenden Methoden<span class=\"s1\">,<\/span> und es ist auch einer der zuk\u00fcnftigen Entwicklungstrends. LED-Lichtenergie ist sehr stark<span class=\"s1\">,<\/span> aber das Licht ist sehr hart. wie kann das Licht weicher werden und der Lichtverlust war gering?<span class=\"s1\">?<\/span> es muss gel\u00f6st werden.<\/p>\n<p class=\"p1\"><span style=\"color: #008000;\"><b>Also<\/b><span class=\"s1\">,<\/span><b> wie man ein so helles Problem mit LED-Licht l\u00f6sen kann<\/b><span class=\"s1\">?<\/span><\/span><\/p>\n<p class=\"p1\">Gegenw\u00e4rtig beginnt die Forschung mit dem Lampenschirm<span class=\"s1\">,<\/span> das mit PS gef\u00fcllte Mikromaterialien verwendet<span class=\"s1\">,<\/span> PC, oder PMMA<span class=\"s1\">,<\/span> Abdeckung der Oberseite der LED-Lampe. Es kann die LED-Licht Blendung M\u00e4ngel zu l\u00f6sen<span class=\"s1\">,<\/span> die Mikropartikel-Perlen werden einfach als <span style=\"color: #008000;\"><b>Lichtstreumittel<\/b>.<\/span><\/p>\n<p class=\"p1\">Es ist ein organisches Silikonharz-Mikroteilchen <span class=\"s1\">(<\/span>die ein kugelf\u00f6rmiges Harzteilchen mit einer Reihe von Vertiefungen auf der Oberfl\u00e4che enthalten<span class=\"s1\">)<\/span> mit ausgezeichneter transparenz und optischen eigenschaften. eine lichtstreuende folie kann die lichtstreuung und die gesamtdurchl\u00e4ssigkeit ausgleichen, auch wenn das streulicht in einer bestimmten position beobachtet wird. sie ist ein ausgezeichnetes additiv zur verbesserung der leistung von kunststoffen<span class=\"s1\">,<\/span> Gummis<span class=\"s1\">,<\/span> Beschichtungen, etc. kann es weithin in LCD-Hintergrundbeleuchtung verwendet werden<span class=\"s1\">,<\/span> Getriebeschirm<span class=\"s1\">,<\/span> Beleuchtungseinrichtungen<span class=\"s1\">,<\/span> Beleuchtungserkl\u00e4rung, usw.<\/p>\n<p><strong><span style=\"color: #008000;\">Was ist der Vorteil des Lichtstreumittels\/Silikonharzpulvers von Wanda?<\/span><\/strong><\/p>\n<p class=\"gmail-MsoListParagraph\">1.     Stabile Qualit\u00e4t und Farbe<\/p>\n<p class=\"gmail-MsoListParagraph\">2.     Gutes Gleichgewicht von Tr\u00fcbung und Durchl\u00e4ssigkeit, Hitzebest\u00e4ndigkeit<\/p>\n<p class=\"gmail-MsoListParagraph\">3.     Die Jahresproduktion betr\u00e4gt 50.000.000 Tonnen\/Jahr<\/p>\n<p class=\"gmail-MsoListParagraph\">4.     ISO-zertifiziert<\/p>\n<p class=\"gmail-MsoListParagraph\">5.     Kostenlose Probe zur Verf\u00fcgung gestellt<\/p>","protected":false},"excerpt":{"rendered":"<p class=\"p1\">Diese Art von Lichtdiffusionsmittel ist unser Verkaufsschlager in allen Anwendungen<span class=\"s1\">,<\/span> Das hei\u00dft, es ist von hervorragender Qualit\u00e4t bei gleichzeitig attraktivem Preis.<\/p>\n<p class=\"p1\">Wir k\u00f6nnen den Brechungsindex individuell anpassen<span class=\"s1\">,<\/span> Dunst<span class=\"s1\">,<\/span> Durchl\u00e4ssigkeit entsprechend Ihren Anforderungen.<\/p>\n<p class=\"p1\">F\u00fcr den Preis<span class=\"s1\">,<\/span> Bitte kontaktieren Sie uns<span class=\"s1\">,<\/span> Einzelheiten zu diesem Lichtdiffusionsmittel werden Ihnen als Referenz zugesandt.<\/p>\n<p class=\"p1\">F\u00fcr Muster<span class=\"s1\">,<\/span> kostenlos zur Verf\u00fcgung gestellt<\/p>\n<p class=\"p1\">MOQ: 100kgs<\/p>\n<p class=\"p1\">H.S. Code: 39100090<\/p>\n<p class=\"p1\">Handelsbedingungen: EXW\/FOB\/CFR\/CIF sind verf\u00fcgbar<\/p>","protected":false},"featured_media":123,"comment_status":"open","ping_status":"closed","template":"","meta":[],"class_list":["post-121","product","type-product","status-publish","has-post-thumbnail","hentry","product_cat-light-diffusion-agent"],"_links":{"self":[{"href":"https:\/\/wanda-chemical.com\/de\/wp-json\/wp\/v2\/product\/121","targetHints":{"allow":["GET"]}}],"collection":[{"href":"https:\/\/wanda-chemical.com\/de\/wp-json\/wp\/v2\/product"}],"about":[{"href":"https:\/\/wanda-chemical.com\/de\/wp-json\/wp\/v2\/types\/product"}],"replies":[{"embeddable":true,"href":"https:\/\/wanda-chemical.com\/de\/wp-json\/wp\/v2\/comments?post=121"}],"wp:featuredmedia":[{"embeddable":true,"href":"https:\/\/wanda-chemical.com\/de\/wp-json\/wp\/v2\/media\/123"}],"wp:attachment":[{"href":"https:\/\/wanda-chemical.com\/de\/wp-json\/wp\/v2\/media?parent=121"}],"curies":[{"name":"wp","href":"https:\/\/api.w.org\/{rel}","templated":true}]}}