{"id":1152,"date":"2021-11-20T18:02:25","date_gmt":"2021-11-20T10:02:25","guid":{"rendered":"https:\/\/wanda-chemical.com\/?post_type=product&#038;p=1152"},"modified":"2021-11-20T18:14:54","modified_gmt":"2021-11-20T10:14:54","slug":"silicone-elastomer-gel","status":"publish","type":"product","link":"https:\/\/wanda-chemical.com\/de\/produkt\/silicone-elastomer-gel\/","title":{"rendered":"Silikon-Elastomer-Gel"},"content":{"rendered":"<div class=\"page\" title=\"Seite 1\">\n<div class=\"layoutArea\">\n<div class=\"column\">\n<p><strong><b>A<\/b><\/strong><strong><b>p<\/b><\/strong><strong><b>plikation:<\/b><\/strong><\/p>\n<\/div>\n<ul>\n<li>Wasser-in-\u00d6l<\/li>\n<li>Wasser-in-Silikon-Formulierungen<\/li>\n<li>Silikonfl\u00fcssigkeiten in der Hautpflege<\/li>\n<li>Farbkosmetik, Haarpflege<\/li>\n<li>Antitranspirant und Deodorantien<\/li>\n<\/ul>\n<\/div>\n<p>&nbsp;<\/p>\n<p><strong><b>F<\/b><\/strong><strong><b>e<\/b><\/strong><strong><b>atures:<\/b><\/strong><\/p>\n<p>\u2460 Hochmolekulares vernetztes Silikonelastomer in Cyclopentasiloxan.<\/p>\n<p>\u2461 Kann Talg absorbieren, um die mattierende Wirkung zu verbessern<\/p>\n<p>\u2462 Wirkt als Verdickungsmittel f\u00fcr Wasser-in-\u00d6l- und Wasser-in-Silikon-Formulierungen und Silikon\u00f6le<\/p>\n<p>\u2463 Verringerung der Klebrigkeit der Formulierung<\/p>\n<p>\u2464 Maskiert feine Linien und F\u00e4ltchen durch kleine Partikel aus Silikonelastomer und super Verteilbarkeit<\/p>\n<p>\u2465 Einfache Formulierung im Kaltverfahren und gute organische Vertr\u00e4glichkeit<\/p>\n<p>\u2466 Verleiht ein leichtes, seidig-pudriges, nicht fettiges Hautgef\u00fchl<\/p>\n<p>\u2467 Kann nach den Bed\u00fcrfnissen des Kunden f\u00fcr das Hautgef\u00fchl angepasst werden<\/p>\n<\/div>\n<p>&nbsp;<\/p>\n<div class=\"page\" title=\"Seite 1\">\n<p><strong><b>H<\/b><\/strong><strong><b>o<\/b><\/strong><strong><b>w zu verwenden<\/b><\/strong><strong><b>: <\/b><\/strong><\/p>\n<p><strong><b>\u00a0<\/b><\/strong>Dispergieren Sie die \u00d6lphase durch einfaches Mischen in die WD-1040 Silikonelastomermischung. Ein Nachscheren ist nicht erforderlich. Es kann der \u00d6lphase oder der Silikonphase in einer Emulsionsformulierung zugesetzt werden. Es wird empfohlen, die \u00d6lphase vor dem Emulgieren gr\u00fcndlich zu homogenisieren oder die \u00d6l- oder Silikonphase einer Emulsion langsam in das Elastomer zu geben.<\/p>\n<p>&nbsp;<\/p>\n<p>Zur Erleichterung der Anwendung kann die Viskosit\u00e4t durch Abmischen mit Dimethicon, Cyclomethicon, Phenylsilikon\u00f6l, Fetts\u00e4ureestern, Kohlenwasserstoffen usw. verringert werden.<\/p>\n<p>&nbsp;<\/p>\n<p>Die Formulierung kann durch ein kaltes Verfahren eingedickt werden, das bei einer Temperatur unter 60\u00b0C durchgef\u00fchrt werden sollte.<\/p>\n<p>Der typische Einsatzbereich von WD-1040 liegt zwischen 1% und 20% (w\/w), oder er h\u00e4ngt von der endg\u00fcltigen Formulierung ab.<\/p>\n<p>&nbsp;<\/p>\n<\/div>","protected":false},"excerpt":{"rendered":"<p>Silikonelastomer-Gel ist eine Mischung aus vernetztem Silikonelastomer mit hohem Molekulargewicht in Cyclopentasiloxan. Es zeichnet sich durch kleine kugelf\u00f6rmige Partikel aus Silikonelastomer, hohe Quellf\u00e4higkeit und gute Verteilbarkeit aus, bietet ein leichtes, seidig-pudriges, nicht fettiges Hautgef\u00fchl und hilft, feine Linien und Falten zu kaschieren. Es hat die F\u00e4higkeit, die Viskosit\u00e4t der \u00d6lphase der Formulierung zu erh\u00f6hen und die \u00c4sthetik Ihrer Formulierung zu verbessern.<\/p>","protected":false},"featured_media":1153,"comment_status":"open","ping_status":"closed","template":"","meta":[],"class_list":["post-1152","product","type-product","status-publish","has-post-thumbnail","hentry","product_cat-silicone-elastomer-gel"],"_links":{"self":[{"href":"https:\/\/wanda-chemical.com\/de\/wp-json\/wp\/v2\/product\/1152","targetHints":{"allow":["GET"]}}],"collection":[{"href":"https:\/\/wanda-chemical.com\/de\/wp-json\/wp\/v2\/product"}],"about":[{"href":"https:\/\/wanda-chemical.com\/de\/wp-json\/wp\/v2\/types\/product"}],"replies":[{"embeddable":true,"href":"https:\/\/wanda-chemical.com\/de\/wp-json\/wp\/v2\/comments?post=1152"}],"wp:featuredmedia":[{"embeddable":true,"href":"https:\/\/wanda-chemical.com\/de\/wp-json\/wp\/v2\/media\/1153"}],"wp:attachment":[{"href":"https:\/\/wanda-chemical.com\/de\/wp-json\/wp\/v2\/media?parent=1152"}],"curies":[{"name":"wp","href":"https:\/\/api.w.org\/{rel}","templated":true}]}}