{"id":1104,"date":"2021-09-02T11:46:07","date_gmt":"2021-09-02T03:46:07","guid":{"rendered":"https:\/\/wanda-chemical.com\/?post_type=product&#038;p=1104"},"modified":"2023-06-09T10:02:51","modified_gmt":"2023-06-09T02:02:51","slug":"anti-dripping-agent","status":"publish","type":"product","link":"https:\/\/wanda-chemical.com\/de\/produkt\/anti-dripping-agent\/","title":{"rendered":"Anti-Tropfmittel WD-9500N"},"content":{"rendered":"<p><strong><b>Anwendung:<\/b><\/strong><\/p>\n<p>Geeignet f\u00fcr thermoplastische Kunststoffe wie PC, ABS, PC\/ABS oder Kunststofflegierungen, die die Norm UL94 V0 erf\u00fcllen m\u00fcssen. Verhindert das Abtropfen von Kunststoffen, wenn diese verbrannt werden.<\/p>\n<p>&nbsp;<\/p>\n<p><strong><b>Physikalische Eigenschaften: <\/b><\/strong><\/p>\n<table>\n<tbody>\n<tr>\n<td width=\"170\">\n<p style=\"text-align: center;\"><strong><b>D<\/b><\/strong><strong><b>ata<\/b><\/strong><\/p>\n<\/td>\n<td width=\"224\">\n<p style=\"text-align: center;\"><strong><b>WD-<\/b><\/strong><strong><b>9<\/b><\/strong><strong><b>500<\/b><\/strong><strong><b>N<\/b><\/strong><\/p>\n<\/td>\n<\/tr>\n<tr>\n<td width=\"170\">\n<p style=\"text-align: center;\"><strong><b>Bulk<\/b><\/strong>\u00a0<strong><b>Dichte<\/b><\/strong><\/p>\n<\/td>\n<td width=\"224\">\n<p style=\"text-align: center;\"><strong><b>~<\/b><\/strong><strong><b>350<\/b><\/strong><strong><b>g<\/b><\/strong><strong><b>\/<\/b><\/strong><strong><b>L<\/b><\/strong><\/p>\n<\/td>\n<\/tr>\n<tr>\n<td width=\"170\">\n<p style=\"text-align: center;\"><strong><b>A<\/b><\/strong><strong><b>ppearance<\/b><\/strong><\/p>\n<\/td>\n<td width=\"224\">\n<p style=\"text-align: center;\"><strong><b>W<\/b><\/strong><strong><b>h<\/b><\/strong><strong><b>ite<\/b><\/strong>\u00a0<strong><b>Pulver<\/b><\/strong><\/p>\n<\/td>\n<\/tr>\n<tr>\n<td width=\"170\">\n<p style=\"text-align: center;\"><strong><b>PTFE<\/b><\/strong>\u00a0<strong><b>Inhalt<\/b><\/strong><\/p>\n<\/td>\n<td width=\"224\">\n<p style=\"text-align: center;\"><strong><b>50%<\/b><\/strong><\/p>\n<\/td>\n<\/tr>\n<\/tbody>\n<\/table>\n<p>&nbsp;<\/p>\n<p><strong><b>Typische Dosierungsrate:<\/b><\/strong><\/p>\n<table>\n<tbody>\n<tr>\n<td width=\"255\">\n<p style=\"text-align: center;\"><strong><b>M<\/b><\/strong><strong><b>a<\/b><\/strong><strong><b>terial<\/b><\/strong><\/p>\n<\/td>\n<td width=\"253\">\n<p style=\"text-align: center;\"><strong><b>Dos<\/b><\/strong><strong><b>Alter<\/b><\/strong>\u00a0<strong><b>Ratio<\/b><\/strong><\/p>\n<\/td>\n<\/tr>\n<tr>\n<td width=\"255\">\n<p style=\"text-align: center;\"><strong><b>PC\/ABS<\/b><\/strong><\/p>\n<\/td>\n<td width=\"253\">\n<p style=\"text-align: center;\">0.20% &#8211; 0.30%<\/p>\n<\/td>\n<\/tr>\n<tr>\n<td width=\"255\">\n<p style=\"text-align: center;\"><strong><b>P<\/b><\/strong><strong><b>C<\/b><\/strong><\/p>\n<\/td>\n<td width=\"253\">\n<p style=\"text-align: center;\">0.40% -0.50%<\/p>\n<\/td>\n<\/tr>\n<tr>\n<td width=\"255\">\n<p style=\"text-align: center;\"><strong><b>A<\/b><\/strong><strong><b>BS<\/b><\/strong><\/p>\n<\/td>\n<td width=\"253\">\n<p style=\"text-align: center;\">0.10%- 0.20%<\/p>\n<\/td>\n<\/tr>\n<\/tbody>\n<\/table>\n<p>&nbsp;<\/p>\n<p><strong><b>S<\/b><\/strong><strong><b>h<\/b><\/strong><strong><b>elf L<\/b><\/strong><strong><b>i<\/b><\/strong><strong><b>fe: <\/b><\/strong><\/p>\n<p>Bei Lagerung bei oder unter 25\u00b0C in den unge\u00f6ffneten Originalbeh\u00e4ltern betr\u00e4gt die Haltbarkeit 3 Jahre ab dem Herstellungsdatum.<\/p>\n<p>&nbsp;<\/p>\n<p><strong><b>Lagerung&amp;Vorsichtsma\u00dfnahmen\uff1a<\/b><\/strong><\/p>\n<p>* Es sollte an einem sauberen, trockenen Ort in seinem unge\u00f6ffneten Originalbeh\u00e4lter aufbewahrt werden.<\/p>","protected":false},"excerpt":{"rendered":"<p>WD-9500N wurde als Antitropf-Additiv f\u00fcr Kunststoffe entwickelt, das aus hochmolekularem PTFE-Pulver besteht.<\/p>\n<p>Kann die Viskosit\u00e4t der Schmelze aufgrund des hochmolekularen PTFE erh\u00f6hen, das durch Druck zu Partikeln fibrilliert.            Wird in der Regel in Kombination mit einem Flammschutzmittel verwendet.<\/p>\n<p>Das WD-9500N erf\u00fcllt die Anforderungen der Norm UL 94.<\/p>","protected":false},"featured_media":875,"comment_status":"open","ping_status":"closed","template":"","meta":[],"class_list":["post-1104","product","type-product","status-publish","has-post-thumbnail","hentry","product_cat-antidripping-agent","product_tag-antidripping-agent"],"_links":{"self":[{"href":"https:\/\/wanda-chemical.com\/de\/wp-json\/wp\/v2\/product\/1104","targetHints":{"allow":["GET"]}}],"collection":[{"href":"https:\/\/wanda-chemical.com\/de\/wp-json\/wp\/v2\/product"}],"about":[{"href":"https:\/\/wanda-chemical.com\/de\/wp-json\/wp\/v2\/types\/product"}],"replies":[{"embeddable":true,"href":"https:\/\/wanda-chemical.com\/de\/wp-json\/wp\/v2\/comments?post=1104"}],"wp:featuredmedia":[{"embeddable":true,"href":"https:\/\/wanda-chemical.com\/de\/wp-json\/wp\/v2\/media\/875"}],"wp:attachment":[{"href":"https:\/\/wanda-chemical.com\/de\/wp-json\/wp\/v2\/media?parent=1104"}],"curies":[{"name":"wp","href":"https:\/\/api.w.org\/{rel}","templated":true}]}}